{"id":8191,"date":"2021-07-15T13:32:20","date_gmt":"2021-07-15T11:32:20","guid":{"rendered":"https:\/\/www.altermutua.com\/politica-de-cookies\/"},"modified":"2023-09-19T14:33:19","modified_gmt":"2023-09-19T12:33:19","slug":"politica-de-cookies","status":"publish","type":"page","link":"https:\/\/www.altermutua.com\/es\/politica-de-cookies\/","title":{"rendered":"Pol\u00edtica de cookies"},"content":{"rendered":"<p><div class=\"fusion-fullwidth fullwidth-box fusion-builder-row-1 fusion-flex-container nonhundred-percent-fullwidth non-hundred-percent-height-scrolling\" style=\"--awb-border-radius-top-left:0px;--awb-border-radius-top-right:0px;--awb-border-radius-bottom-right:0px;--awb-border-radius-bottom-left:0px;--awb-padding-top:60px;--awb-padding-bottom:60px;--awb-margin-bottom:24px;--awb-background-color:var(--awb-color7);--awb-flex-wrap:wrap;\" ><div class=\"fusion-builder-row fusion-row fusion-flex-align-items-flex-start fusion-flex-content-wrap\" style=\"max-width:1331.2px;margin-left: calc(-4% \/ 2 );margin-right: calc(-4% \/ 2 );\"><div class=\"fusion-layout-column fusion_builder_column fusion-builder-column-0 fusion_builder_column_1_1 1_1 fusion-flex-column\" style=\"--awb-bg-size:cover;--awb-width-large:100%;--awb-margin-top-large:0px;--awb-spacing-right-large:1.92%;--awb-margin-bottom-large:0px;--awb-spacing-left-large:1.92%;--awb-width-medium:100%;--awb-order-medium:0;--awb-spacing-right-medium:1.92%;--awb-spacing-left-medium:1.92%;--awb-width-small:100%;--awb-order-small:0;--awb-spacing-right-small:1.92%;--awb-spacing-left-small:1.92%;\"><div class=\"fusion-column-wrapper fusion-column-has-shadow fusion-flex-justify-content-flex-start fusion-content-layout-column\"><div class=\"fusion-title title fusion-title-1 fusion-sep-none fusion-title-center fusion-title-text fusion-title-size-one\" style=\"--awb-text-color:var(--awb-color1);--awb-margin-top-small:10px;--awb-margin-right-small:0px;--awb-margin-bottom-small:10px;--awb-margin-left-small:0px;\"><h1 class=\"fusion-title-heading title-heading-center fusion-responsive-typography-calculated\" style=\"margin:0;--fontSize:48;line-height:1.16;\">Pol\u00edtica de cookies<\/h1><\/div><\/div><\/div><\/div><\/div><div class=\"fusion-fullwidth fullwidth-box fusion-builder-row-2 fusion-flex-container nonhundred-percent-fullwidth non-hundred-percent-height-scrolling\" style=\"--awb-border-radius-top-left:0px;--awb-border-radius-top-right:0px;--awb-border-radius-bottom-right:0px;--awb-border-radius-bottom-left:0px;--awb-flex-wrap:wrap;\" ><div class=\"fusion-builder-row fusion-row fusion-flex-align-items-flex-start fusion-flex-justify-content-center fusion-flex-content-wrap\" style=\"max-width:1331.2px;margin-left: calc(-4% \/ 2 );margin-right: calc(-4% \/ 2 );\"><div class=\"fusion-layout-column fusion_builder_column fusion-builder-column-1 fusion_builder_column_3_4 3_4 fusion-flex-column\" style=\"--awb-padding-top:24px;--awb-padding-bottom:60px;--awb-bg-size:cover;--awb-width-large:75%;--awb-margin-top-large:0px;--awb-spacing-right-large:2.56%;--awb-margin-bottom-large:0px;--awb-spacing-left-large:2.56%;--awb-width-medium:75%;--awb-order-medium:0;--awb-spacing-right-medium:2.56%;--awb-spacing-left-medium:2.56%;--awb-width-small:100%;--awb-order-small:0;--awb-spacing-right-small:1.92%;--awb-spacing-left-small:1.92%;\"><div class=\"fusion-column-wrapper fusion-column-has-shadow fusion-flex-justify-content-flex-start fusion-content-layout-column\"><div class=\"fusion-text fusion-text-1\" style=\"--awb-text-transform:none;\"><p>\u00bfAcepta el uso de cookies en este sitio? Altermutua.com solicita su permiso para recabar datos estad\u00edsticos an\u00f3nimos durante la navegaci\u00f3n en este sitio web, conforme al Real Decreto Ley 13\/2012, de 30 de marzo, publicado en el Bolet\u00edn Oficial del Estado con fecha de s\u00e1bado 31 de marzo de 2012, que transpone la Directiva 2009\/136\/CE, del Parlamento Europeo y del Consejo, de 25 de noviembre de 2009, y que se integra en la LSSI (Ley 34\/2002, de 11 de julio, servicios de la sociedad de la informaci\u00f3n y de comercio electr\u00f3nico) modificando el punto segundo de su art\u00edculo 22. Para m\u00e1s informaci\u00f3n consulte la Pol\u00edtica de privacidad y la pol\u00edtica de cookies. No hay nada malo en ellas.<\/p>\n<h3>\u00bfQu\u00e9 es una cookie?<\/h3>\n<p>Una cookie es un peque\u00f1o archivo de letras y cifras que se descarga en su ordenador al acceder a determinados sitios web. Las cookies permiten a un sitio web reconocer el navegador de un usuario y no contienen ni recopilan informaci\u00f3n. Las cookies se utilizan en la publicidad basada en el comportamiento para identificar usuarios que comparten un determinado inter\u00e9s, de modo que puedan ofrecerles anuncios m\u00e1s relevantes. La LSSI (Ley de los servicios de la sociedad de la informaci\u00f3n y de comercio electr\u00f3nico) es aplicable en cualquier tipo de archivo o dispositivo que se descarga en el equipo terminal de un usuario con el fin de almacenar datos que podr\u00e1n ser actualizados y recuperados por la entidad responsable de su instalaci\u00f3n.<\/p>\n<p>Las cookies pueden clasificarse en diferentes categor\u00edas. Una misma cookie puede estar incluida en m\u00e1s de una categor\u00eda.<\/p>\n<p>Tipo de cookies seg\u00fan la entidad que las gestione<br \/>\nSeg\u00fan quien sea la entidad que gestione el equipo o dominio desde donde se env\u00edan las cookies y trate los datos que se obtengan, podemos distinguir:<\/p>\n<p><strong>Cookies propias:<\/strong> son aquellas que se env\u00edan al equipo terminal del usuario desde un equipo o dominio gestionado por el propio editor y desde el que se presta el servicio solicitado por el usuario.<\/p>\n<p><strong>Cookies de tercero:<\/strong> son aquellas que se env\u00edan al equipo terminal del usuario desde un equipo o dominio que no es gestionado por el editor, sino por otra entidad que trata los datos obtenidos a trav\u00e9s de las cookies.<\/p>\n<h3>Tipo de cookies seg\u00fan su finalidad<\/h3>\n<p>Seg\u00fan la finalidad para la que se traten los datos obtenidos a trav\u00e9s de las cookies, algunas de las finalidades pueden ser:<\/p>\n<p><strong>Cookies t\u00e9cnicas (necesarias):<\/strong> son aquellas que permiten al usuario la navegaci\u00f3n a trav\u00e9s de una p\u00e1gina web, plataforma o aplicaci\u00f3n y la utilizaci\u00f3n de las diferentes opciones o servicios que en ella existan como, por ejemplo, controlar el tr\u00e1fico y la comunicaci\u00f3n de datos, identificar la sesi\u00f3n, acceder a partes de acceso restringido, recordar los elementos que integran un pedido, realizar el proceso de compra de un pedido, gestionar el pago, controlar el fraude vinculado a la seguridad del servicio, realizar la solicitud de inscripci\u00f3n o participaci\u00f3n en un evento, utilizar elementos de seguridad durante la navegaci\u00f3n o compartir contenidos a trav\u00e9s de redes sociales.<\/p>\n<p><strong>Cookies de preferencias:<\/strong> son aquellas que permiten recordar informaci\u00f3n para que el usuario acceda al servicio con determinadas caracter\u00edsticas que pueden diferenciar su experiencia de la de otros usuarios, como, por ejemplo, el idioma, el n\u00famero de resultados a mostrar cuando l usuario realiza una b\u00fasqueda, el aspecto o contenido del servicio en funci\u00f3n del tipo de navegador a trav\u00e9s del cual el usuario accede al servicio o de la regi\u00f3n desde la que accede al servicio, etc.<\/p>\n<p><strong>Cookies de estad\u00edsticas:<\/strong> son aquellas que permiten al responsable de las mismas el seguimiento y an\u00e1lisis del comportamiento de los usuarios de los sitios web. La informaci\u00f3n recogida mediante este tipo de cookies se utiliza en la medici\u00f3n de la actividad de los sitios web, aplicaci\u00f3n o plataforma, con la finalidad de introducir mejoras en funci\u00f3n del an\u00e1lisis de los datos de uso que realizan los usuarios del servicio.<\/p>\n<p><strong>Cookies de marketing:<\/strong> son aquellas que almacenan informaci\u00f3n del comportamiento de los usuarios obtenida a trav\u00e9s de la observaci\u00f3n continuada de sus h\u00e1bitos de navegaci\u00f3n, lo que permite desarrollar un perfil espec\u00edfico para mostrar publicidad en funci\u00f3n del mismo.<\/p>\n<h3>Tipo de cookies seg\u00fan el plazo de tiempo que permanecen activadas<\/h3>\n<p>Seg\u00fan el plazo de tiempo que permanecen activadas en el equipo terminal podemos distinguir:<\/p>\n<p><strong>Cookies de sesi\u00f3n:<\/strong> Son aquellas dise\u00f1adas para recabar y almacenar datos mientras el usuario accede a una p\u00e1gina web. Se suelen utilizar para almacenar informaci\u00f3n que s\u00f3lo interesa conservar para la prestaci\u00f3n del servicio solicitado por el usuario en una sola ocasi\u00f3n (por ejemplo, una lista de productos adquiridos) y desaparecen al finalizar la sesi\u00f3n.<\/p>\n<p><strong>Cookies persistentes:<\/strong> Son aquellas en las que los datos siguen almacenados en el terminal y pueden ser accedidos y tratados durante un per\u00edodo definido por el responsable de la cookie, y que puede ir de unos minutos a varios a\u00f1os.<\/p>\n<h3>\u00bfC\u00f3mo configurar las cookies?<\/h3>\n<p>Como usuario, la Ley le asiste para que elija si acepta o rechaza el uso de las cookies en su navegaci\u00f3n, si quiere modificar las preferencias de las cookies haga clic aqu\u00ed.<a role='button' tabindex='0' class=\"medium cli-plugin-button cli-plugin-main-button cli_settings_button\">Configuraci\u00f3n<\/a><\/p>\n<p>Todos los navegadores permiten realizar cambios que permiten desactivar la configuraci\u00f3n de las cookies. Estos ajustes se encuentran situados en las \u00abopciones\u00bb o \u00abpreferencias\u00bb del men\u00fa de su navegador.<\/p>\n<p>Si se desactivan las cookies t\u00e9cnicas, podr\u00e1n experimentarse problemas de navegaci\u00f3n y\/o que dejara de funcionar algunos de los servicios ofrecidos desde la web.<\/p>\n<p>A continuaci\u00f3n podr\u00e1 encontrar los links de cada navegador para deshabilitar las cookies siguiendo las instrucciones:<\/p>\n<ul>\n<li><a href=\"https:\/\/support.microsoft.com\/es-es\/topic\/eliminar-y-administrar-cookies-168dab11-0753-043d-7c16-ede5947fc64d\" target=\"_blank\" rel=\"noopener\"><span class=\"naranja subrayado\">Internet Explorer<\/span><\/a><\/li>\n<li><a href=\"https:\/\/support.microsoft.com\/es-es\/microsoft-edge\/eliminar-las-cookies-en-microsoft-edge-63947406-40ac-c3b8-57b9-2a946a29ae09#:~:text=Abre%20Microsoft%20Edge%20y%20selecciona,sitio%20y%20luego%20Borrar%20ahora\" target=\"_blank\" rel=\"noopener\"><span class=\"naranja subrayado\">Microsoft Edge<\/span><\/a><\/li>\n<li><a href=\"http:\/\/goo.gl\/F5pHX\" target=\"_blank\" rel=\"noopener\"><span class=\"naranja subrayado\">Mozilla Firefox<\/span><\/a><\/li>\n<li><a href=\"http:\/\/goo.gl\/8cAo\" target=\"_blank\" rel=\"noopener\"><span class=\"naranja subrayado\">Google Chrome<\/span><\/a><\/li>\n<\/ul>\n<p>\u00bfQu\u00e9 cookies se utilizan en el portal web de www.altermutua.com? En el apartado siguiente, se informa de todas las cookies utilizadas en Altermutua.com, agrupadas seg\u00fan su finalidad.<\/p>\n<\/div><div class=\"fusion-title title fusion-title-2 fusion-sep-none fusion-title-text fusion-title-size-three\" style=\"--awb-margin-top-small:10px;--awb-margin-right-small:0px;--awb-margin-bottom-small:10px;--awb-margin-left-small:0px;\"><h3 class=\"fusion-title-heading title-heading-left fusion-responsive-typography-calculated\" style=\"margin:0;--fontSize:28;line-height:1.3;\">Cookies necesaries<\/h3><\/div>\n<div class=\"table-1\">\n<table width=\"100%\">\n<thead>\n<tr>\n<th align=\"left\">Nombre<\/th>\n<th align=\"left\">Tipo<\/th>\n<th align=\"left\">Persistencia<\/th>\n<th align=\"left\">Prop\u00f3sito<\/th>\n<\/tr>\n<\/thead>\n<tbody>\n<tr>\n<td align=\"left\">CookieLawInfoConsent<\/td>\n<td align=\"left\">Necesario<\/td>\n<td align=\"left\">1 a\u00f1o<\/td>\n<td align=\"left\">Graba el estado del bot\u00f3n predeterminado de la categor\u00eda correspondiente y el estado de CCPA. Funciona s\u00f3lo en coordinaci\u00f3n con la cookie principal.<\/td>\n<\/tr>\n<tr>\n<td align=\"left\">Cookielawinfo-checkbox-necesario<\/td>\n<td align=\"left\">Necesario<\/td>\n<td align=\"left\">1 a\u00f1o<\/td>\n<td align=\"left\">La cookie la configura el conector de consentimiento de cookies del GDPR para registrar el consentimiento del usuario para las cookies en la categor\u00eda \u00abNecesarias\u00bb.<\/td>\n<\/tr>\n<tr>\n<td align=\"left\">JSESSIONID<\/td>\n<td align=\"left\">Necesario<\/td>\n<td align=\"left\">Session<\/td>\n<td align=\"left\">New Relic utiliza la cookie JSESSIONID para almacenar un identificador de sesi\u00f3n de modo que New Relic pueda controlar el recuento de sesiones de una aplicaci\u00f3n.<\/td>\n<\/tr>\n<\/tbody>\n<\/table>\n<\/div>\n<div class=\"fusion-title title fusion-title-3 fusion-sep-none fusion-title-text fusion-title-size-three\" style=\"--awb-margin-top-small:10px;--awb-margin-right-small:0px;--awb-margin-bottom-small:10px;--awb-margin-left-small:0px;\"><h3 class=\"fusion-title-heading title-heading-left fusion-responsive-typography-calculated\" style=\"margin:0;--fontSize:28;line-height:1.3;\">Cookies de anal\u00edtica<\/h3><\/div>\n<div class=\"table-1\">\n<table width=\"100%\">\n<thead>\n<tr>\n<th align=\"left\">Nombre<\/th>\n<th align=\"left\">Tipo<\/th>\n<th align=\"left\">Persistencia<\/th>\n<th align=\"left\">Prop\u00f3sito<\/th>\n<\/tr>\n<\/thead>\n<tbody>\n<tr>\n<td align=\"left\">_ga_BZBFCLHPY1<\/td>\n<td align=\"left\">Analytics<\/td>\n<td align=\"left\">2 a\u00f1os<\/td>\n<td align=\"left\">Esta cookie est\u00e1 instalada por Google Analytics.<\/td>\n<\/tr>\n<tr>\n<td align=\"left\">_ga<\/td>\n<td align=\"left\">Analytics<\/td>\n<td align=\"left\">2 a\u00f1os<\/td>\n<td align=\"left\">La cookie _ga, instalada por Google Analytics, calcula los datos de visitantes, sesiones y campa\u00f1as y tambi\u00e9n realiza un seguimiento del uso del sitio para el informe de an\u00e1lisis del sitio. La cookie almacena informaci\u00f3n de forma an\u00f3nima y asigna un n\u00famero generado aleatoriamente para reconocer a los visitantes \u00fanicos.<\/td>\n<\/tr>\n<tr>\n<td align=\"left\">CONSENT<\/td>\n<td align=\"left\">Analytics<\/td>\n<td align=\"left\">2 a\u00f1os<\/td>\n<td align=\"left\">YouTube establece esta cookie a trav\u00e9s de videos de YouTube incrustados y registra datos estad\u00edsticos an\u00f3nimos<\/td>\n<\/tr>\n<\/tbody>\n<\/table>\n<\/div>\n<\/div><\/div><\/div><\/div><\/p>\n","protected":false},"excerpt":{"rendered":"","protected":false},"author":1,"featured_media":0,"parent":0,"menu_order":0,"comment_status":"closed","ping_status":"closed","template":"100-width.php","meta":{"_acf_changed":false,"footnotes":""},"class_list":["post-8191","page","type-page","status-publish","hentry"],"acf":[],"yoast_head":"<!-- This site is optimized with the Yoast SEO Premium plugin v26.3 (Yoast SEO v27.3) - https:\/\/yoast.com\/product\/yoast-seo-premium-wordpress\/ -->\n<title>Pol\u00edtica de cookies - Alter Mutua<\/title>\n<meta name=\"robots\" content=\"index, follow, max-snippet:-1, max-image-preview:large, max-video-preview:-1\" \/>\n<link rel=\"canonical\" href=\"https:\/\/www.altermutua.com\/es\/politica-de-cookies\/\" \/>\n<meta property=\"og:locale\" content=\"es_ES\" \/>\n<meta property=\"og:type\" content=\"article\" \/>\n<meta property=\"og:title\" content=\"Pol\u00edtica de cookies\" \/>\n<meta property=\"og:url\" content=\"https:\/\/www.altermutua.com\/es\/politica-de-cookies\/\" \/>\n<meta property=\"og:site_name\" content=\"Alter Mutua\" \/>\n<meta property=\"article:publisher\" content=\"https:\/\/www.facebook.com\/altermutua\/\" \/>\n<meta property=\"article:modified_time\" content=\"2023-09-19T12:33:19+00:00\" \/>\n<meta name=\"twitter:card\" content=\"summary_large_image\" \/>\n<meta name=\"twitter:site\" content=\"@altermutua\" \/>\n<meta name=\"twitter:label1\" content=\"Tiempo de lectura\" \/>\n\t<meta name=\"twitter:data1\" content=\"11 minutos\" \/>\n<script type=\"application\/ld+json\" class=\"yoast-schema-graph\">{\"@context\":\"https:\\\/\\\/schema.org\",\"@graph\":[{\"@type\":\"WebPage\",\"@id\":\"https:\\\/\\\/www.altermutua.com\\\/es\\\/politica-de-cookies\\\/\",\"url\":\"https:\\\/\\\/www.altermutua.com\\\/es\\\/politica-de-cookies\\\/\",\"name\":\"Pol\u00edtica de cookies - Alter Mutua\",\"isPartOf\":{\"@id\":\"https:\\\/\\\/www.altermutua.com\\\/es\\\/#website\"},\"datePublished\":\"2021-07-15T11:32:20+00:00\",\"dateModified\":\"2023-09-19T12:33:19+00:00\",\"breadcrumb\":{\"@id\":\"https:\\\/\\\/www.altermutua.com\\\/es\\\/politica-de-cookies\\\/#breadcrumb\"},\"inLanguage\":\"es\",\"potentialAction\":[{\"@type\":\"ReadAction\",\"target\":[\"https:\\\/\\\/www.altermutua.com\\\/es\\\/politica-de-cookies\\\/\"]}]},{\"@type\":\"BreadcrumbList\",\"@id\":\"https:\\\/\\\/www.altermutua.com\\\/es\\\/politica-de-cookies\\\/#breadcrumb\",\"itemListElement\":[{\"@type\":\"ListItem\",\"position\":1,\"name\":\"Inici\",\"item\":\"https:\\\/\\\/www.altermutua.com\\\/es\\\/\"},{\"@type\":\"ListItem\",\"position\":2,\"name\":\"Pol\u00edtica de cookies\"}]},{\"@type\":\"WebSite\",\"@id\":\"https:\\\/\\\/www.altermutua.com\\\/es\\\/#website\",\"url\":\"https:\\\/\\\/www.altermutua.com\\\/es\\\/\",\"name\":\"Alter Mutua\",\"description\":\"La Mutua de los Abogados y Abogadas\",\"publisher\":{\"@id\":\"https:\\\/\\\/www.altermutua.com\\\/es\\\/#organization\"},\"potentialAction\":[{\"@type\":\"SearchAction\",\"target\":{\"@type\":\"EntryPoint\",\"urlTemplate\":\"https:\\\/\\\/www.altermutua.com\\\/es\\\/?s={search_term_string}\"},\"query-input\":{\"@type\":\"PropertyValueSpecification\",\"valueRequired\":true,\"valueName\":\"search_term_string\"}}],\"inLanguage\":\"es\"},{\"@type\":\"Organization\",\"@id\":\"https:\\\/\\\/www.altermutua.com\\\/es\\\/#organization\",\"name\":\"Alter Mutua de los Abogados y Abogadas\",\"url\":\"https:\\\/\\\/www.altermutua.com\\\/es\\\/\",\"logo\":{\"@type\":\"ImageObject\",\"inLanguage\":\"es\",\"@id\":\"https:\\\/\\\/www.altermutua.com\\\/es\\\/#\\\/schema\\\/logo\\\/image\\\/\",\"url\":\"https:\\\/\\\/www.altermutua.com\\\/wp-content\\\/uploads\\\/2021\\\/04\\\/logo_altermutua_CA-1.svg\",\"contentUrl\":\"https:\\\/\\\/www.altermutua.com\\\/wp-content\\\/uploads\\\/2021\\\/04\\\/logo_altermutua_CA-1.svg\",\"width\":358,\"height\":133,\"caption\":\"Alter Mutua de los Abogados y Abogadas\"},\"image\":{\"@id\":\"https:\\\/\\\/www.altermutua.com\\\/es\\\/#\\\/schema\\\/logo\\\/image\\\/\"},\"sameAs\":[\"https:\\\/\\\/www.facebook.com\\\/altermutua\\\/\",\"https:\\\/\\\/x.com\\\/altermutua\",\"https:\\\/\\\/www.linkedin.com\\\/company\\\/alter-mutua-de-los-abogados\\\/mycompany\\\/\",\"https:\\\/\\\/www.youtube.com\\\/channel\\\/UC1KJifmWZw8mUVxcfjQrHog\"]}]}<\/script>\n<!-- \/ Yoast SEO Premium plugin. -->","yoast_head_json":{"title":"Pol\u00edtica de cookies - Alter Mutua","robots":{"index":"index","follow":"follow","max-snippet":"max-snippet:-1","max-image-preview":"max-image-preview:large","max-video-preview":"max-video-preview:-1"},"canonical":"https:\/\/www.altermutua.com\/es\/politica-de-cookies\/","og_locale":"es_ES","og_type":"article","og_title":"Pol\u00edtica de cookies","og_url":"https:\/\/www.altermutua.com\/es\/politica-de-cookies\/","og_site_name":"Alter Mutua","article_publisher":"https:\/\/www.facebook.com\/altermutua\/","article_modified_time":"2023-09-19T12:33:19+00:00","twitter_card":"summary_large_image","twitter_site":"@altermutua","twitter_misc":{"Tiempo de lectura":"11 minutos"},"schema":{"@context":"https:\/\/schema.org","@graph":[{"@type":"WebPage","@id":"https:\/\/www.altermutua.com\/es\/politica-de-cookies\/","url":"https:\/\/www.altermutua.com\/es\/politica-de-cookies\/","name":"Pol\u00edtica de cookies - Alter Mutua","isPartOf":{"@id":"https:\/\/www.altermutua.com\/es\/#website"},"datePublished":"2021-07-15T11:32:20+00:00","dateModified":"2023-09-19T12:33:19+00:00","breadcrumb":{"@id":"https:\/\/www.altermutua.com\/es\/politica-de-cookies\/#breadcrumb"},"inLanguage":"es","potentialAction":[{"@type":"ReadAction","target":["https:\/\/www.altermutua.com\/es\/politica-de-cookies\/"]}]},{"@type":"BreadcrumbList","@id":"https:\/\/www.altermutua.com\/es\/politica-de-cookies\/#breadcrumb","itemListElement":[{"@type":"ListItem","position":1,"name":"Inici","item":"https:\/\/www.altermutua.com\/es\/"},{"@type":"ListItem","position":2,"name":"Pol\u00edtica de cookies"}]},{"@type":"WebSite","@id":"https:\/\/www.altermutua.com\/es\/#website","url":"https:\/\/www.altermutua.com\/es\/","name":"Alter Mutua","description":"La Mutua de los Abogados y Abogadas","publisher":{"@id":"https:\/\/www.altermutua.com\/es\/#organization"},"potentialAction":[{"@type":"SearchAction","target":{"@type":"EntryPoint","urlTemplate":"https:\/\/www.altermutua.com\/es\/?s={search_term_string}"},"query-input":{"@type":"PropertyValueSpecification","valueRequired":true,"valueName":"search_term_string"}}],"inLanguage":"es"},{"@type":"Organization","@id":"https:\/\/www.altermutua.com\/es\/#organization","name":"Alter Mutua de los Abogados y Abogadas","url":"https:\/\/www.altermutua.com\/es\/","logo":{"@type":"ImageObject","inLanguage":"es","@id":"https:\/\/www.altermutua.com\/es\/#\/schema\/logo\/image\/","url":"https:\/\/www.altermutua.com\/wp-content\/uploads\/2021\/04\/logo_altermutua_CA-1.svg","contentUrl":"https:\/\/www.altermutua.com\/wp-content\/uploads\/2021\/04\/logo_altermutua_CA-1.svg","width":358,"height":133,"caption":"Alter Mutua de los Abogados y Abogadas"},"image":{"@id":"https:\/\/www.altermutua.com\/es\/#\/schema\/logo\/image\/"},"sameAs":["https:\/\/www.facebook.com\/altermutua\/","https:\/\/x.com\/altermutua","https:\/\/www.linkedin.com\/company\/alter-mutua-de-los-abogados\/mycompany\/","https:\/\/www.youtube.com\/channel\/UC1KJifmWZw8mUVxcfjQrHog"]}]}},"_links":{"self":[{"href":"https:\/\/www.altermutua.com\/es\/wp-json\/wp\/v2\/pages\/8191","targetHints":{"allow":["GET"]}}],"collection":[{"href":"https:\/\/www.altermutua.com\/es\/wp-json\/wp\/v2\/pages"}],"about":[{"href":"https:\/\/www.altermutua.com\/es\/wp-json\/wp\/v2\/types\/page"}],"author":[{"embeddable":true,"href":"https:\/\/www.altermutua.com\/es\/wp-json\/wp\/v2\/users\/1"}],"replies":[{"embeddable":true,"href":"https:\/\/www.altermutua.com\/es\/wp-json\/wp\/v2\/comments?post=8191"}],"version-history":[{"count":0,"href":"https:\/\/www.altermutua.com\/es\/wp-json\/wp\/v2\/pages\/8191\/revisions"}],"wp:attachment":[{"href":"https:\/\/www.altermutua.com\/es\/wp-json\/wp\/v2\/media?parent=8191"}],"curies":[{"name":"wp","href":"https:\/\/api.w.org\/{rel}","templated":true}]}}