{"id":8164,"date":"2021-07-15T13:30:30","date_gmt":"2021-07-15T11:30:30","guid":{"rendered":"https:\/\/www.altermutua.com\/aviso-legal\/"},"modified":"2022-04-06T13:26:36","modified_gmt":"2022-04-06T11:26:36","slug":"aviso-legal","status":"publish","type":"page","link":"https:\/\/www.altermutua.com\/es\/aviso-legal\/","title":{"rendered":"Aviso Legal"},"content":{"rendered":"<p><div class=\"fusion-fullwidth fullwidth-box fusion-builder-row-1 fusion-flex-container nonhundred-percent-fullwidth non-hundred-percent-height-scrolling\" style=\"--awb-border-radius-top-left:0px;--awb-border-radius-top-right:0px;--awb-border-radius-bottom-right:0px;--awb-border-radius-bottom-left:0px;--awb-padding-top:60px;--awb-padding-bottom:60px;--awb-margin-top:0px;--awb-margin-bottom:24px;--awb-background-color:var(--awb-color7);--awb-flex-wrap:wrap;\" ><div class=\"fusion-builder-row fusion-row fusion-flex-align-items-flex-start fusion-flex-content-wrap\" style=\"max-width:1331.2px;margin-left: calc(-4% \/ 2 );margin-right: calc(-4% \/ 2 );\"><div class=\"fusion-layout-column fusion_builder_column fusion-builder-column-0 fusion_builder_column_1_1 1_1 fusion-flex-column\" style=\"--awb-bg-size:cover;--awb-width-large:100%;--awb-margin-top-large:0px;--awb-spacing-right-large:1.92%;--awb-margin-bottom-large:0px;--awb-spacing-left-large:1.92%;--awb-width-medium:100%;--awb-order-medium:0;--awb-spacing-right-medium:1.92%;--awb-spacing-left-medium:1.92%;--awb-width-small:100%;--awb-order-small:0;--awb-spacing-right-small:1.92%;--awb-spacing-left-small:1.92%;\"><div class=\"fusion-column-wrapper fusion-column-has-shadow fusion-flex-justify-content-flex-start fusion-content-layout-column\"><div class=\"fusion-title title fusion-title-1 fusion-sep-none fusion-title-center fusion-title-text fusion-title-size-one\" style=\"--awb-text-color:var(--awb-color1);--awb-margin-top-small:10px;--awb-margin-right-small:0px;--awb-margin-bottom-small:10px;--awb-margin-left-small:0px;\"><h1 class=\"fusion-title-heading title-heading-center fusion-responsive-typography-calculated\" style=\"margin:0;--fontSize:48;line-height:1.16;\">Aviso Legal<\/h1><\/div><\/div><\/div><\/div><\/div><div class=\"fusion-fullwidth fullwidth-box fusion-builder-row-2 fusion-flex-container nonhundred-percent-fullwidth non-hundred-percent-height-scrolling\" style=\"--awb-border-radius-top-left:0px;--awb-border-radius-top-right:0px;--awb-border-radius-bottom-right:0px;--awb-border-radius-bottom-left:0px;--awb-padding-bottom:60px;--awb-flex-wrap:wrap;\" ><div class=\"fusion-builder-row fusion-row fusion-flex-align-items-flex-start fusion-flex-justify-content-center fusion-flex-content-wrap\" style=\"max-width:1331.2px;margin-left: calc(-4% \/ 2 );margin-right: calc(-4% \/ 2 );\"><div class=\"fusion-layout-column fusion_builder_column fusion-builder-column-1 fusion_builder_column_3_4 3_4 fusion-flex-column\" style=\"--awb-padding-top:24px;--awb-bg-size:cover;--awb-width-large:75%;--awb-margin-top-large:0px;--awb-spacing-right-large:2.56%;--awb-margin-bottom-large:0px;--awb-spacing-left-large:2.56%;--awb-width-medium:75%;--awb-order-medium:0;--awb-spacing-right-medium:2.56%;--awb-spacing-left-medium:2.56%;--awb-width-small:100%;--awb-order-small:0;--awb-spacing-right-small:1.92%;--awb-spacing-left-small:1.92%;\"><div class=\"fusion-column-wrapper fusion-column-has-shadow fusion-flex-justify-content-flex-start fusion-content-layout-column\"><div class=\"fusion-text fusion-text-1\" style=\"--awb-text-transform:none;\"><p><strong>Alter Mutua de Previsi\u00f3n Social de los Abogados de Catalu\u00f1a<\/strong> tiene su sede en la calle Roger de Ll\u00faria, 108 de Barcelona y el C.I.F. n\u00fam. <span style=\"color: #ff6200;\"><em>V-08264178<\/em><\/span>.<\/p>\n<p>La web de Alter Mutua de Previsi\u00f3n Social de los Abogados de Catalu\u00f1a consta de una parte p\u00fablica o extranet en la que se aconseja y se informa a los usuarios sobre temas relacionados con los servicios ofrecidos por la entidad.<\/p>\n<p>La reproducci\u00f3n, copia, ya sea parcial o total, distribuci\u00f3n, comercializaci\u00f3n, comunicaci\u00f3n p\u00fablica o cualquier otra actividad que se pueda hacer con los contenidos y la informaci\u00f3n de esta p\u00e1gina web sin haber obtenido la expresa autorizaci\u00f3n de Alter Mutua de Previsi\u00f3n Social de los Abogados de Catalu\u00f1a es una infracci\u00f3n castigada por la legislaci\u00f3n vigente.<\/p>\n<p>Alter Mutua de Previsi\u00f3n Social de los Abogados de Catalu\u00f1a se reserva el derecho de actualizar los contenidos de la p\u00e1gina web y eliminarlos, como tambi\u00e9n de limitar e impedir el acceso, ya sea temporal o definitivamente, sin notificaci\u00f3n previa.<\/p>\n<p>El uso de esta p\u00e1gina web atribuye la condici\u00f3n de usuario de la p\u00e1gina web (en adelante, el Usuario) e implica la aceptaci\u00f3n plena y sin reservas de todas las disposiciones incluidas en este Aviso Legal, en la versi\u00f3n publicada por Alter Mutua de Previsi\u00f3n Social de los Abogados de Catalu\u00f1a, en el mismo momento en que el Usuario acceda a la p\u00e1gina web.<\/p>\n<p>La p\u00e1gina web de Alter Mutua de Previsi\u00f3n Social de los Abogados de Catalu\u00f1a puede ser visitada libremente por los usuarios, excepto aquellas \u00e1reas reservadas.<\/p>\n<p>El Usuario se compromete a utilizar la p\u00e1gina web, sus contenidos y servicios, de conformidad con la ley, con el presente Aviso Legal, con las condiciones particulares de ciertos servicios y con los otros avisos, reglamentos de uso e instrucciones puestos para el conocimiento del usuario, como tambi\u00e9n con la moral y las buenas costumbres generalmente aceptadas y el orden p\u00fablico.<\/p>\n<p>A este efecto, el Usuario ha de abstenerse de utilizar cualquiera de los servicios con fines o efectos il\u00edcitos, prohibidos y lesivos de los derechos e intereses de terceros. La responsabilidad del uso de la informaci\u00f3n contenida en la p\u00e1gina web es del Usuario.<\/p>\n<p>Alter Mutua de Previsi\u00f3n Social de los Abogados de Catalu\u00f1a rechaza cualquier responsabilidad sobre la informaci\u00f3n contenida en p\u00e1ginas web no elaboradas por Alter Mutua de Previsi\u00f3n Social de los Abogados de Catalu\u00f1a y, especialmente, sobre los contenidos de los enlaces publicados en su p\u00e1gina web.<\/p>\n<p>Alter Mutua de Previsi\u00f3n Social de los Abogados de Catalu\u00f1a queda eximida de cualquier responsabilidad por da\u00f1os y perjuicios de toda naturaleza que puedan derivarse de la captaci\u00f3n y uso por parte de terceros de informaciones, de la publicidad y de opiniones facilitadas por los usuarios en la p\u00e1gina web.<\/p>\n<p>Alter Mutua de Previsi\u00f3n Social de los Abogados de Catalu\u00f1a no se hace responsable en ning\u00fan caso de los contenidos, informaciones o im\u00e1genes que no dependan de la p\u00e1gina web, ni est\u00e9n gestionados por Alter Mutua de Previsi\u00f3n Social de los Abogados de Catalu\u00f1a.<\/p>\n<\/div><\/div><\/div><\/div><\/div><\/p>\n","protected":false},"excerpt":{"rendered":"","protected":false},"author":1,"featured_media":0,"parent":0,"menu_order":0,"comment_status":"closed","ping_status":"closed","template":"100-width.php","meta":{"_acf_changed":false,"footnotes":""},"class_list":["post-8164","page","type-page","status-publish","hentry"],"acf":[],"yoast_head":"<!-- This site is optimized with the Yoast SEO Premium plugin v26.3 (Yoast SEO v27.3) - https:\/\/yoast.com\/product\/yoast-seo-premium-wordpress\/ -->\n<title>Aviso Legal - Alter Mutua<\/title>\n<meta name=\"robots\" content=\"index, follow, max-snippet:-1, max-image-preview:large, max-video-preview:-1\" \/>\n<link rel=\"canonical\" href=\"https:\/\/www.altermutua.com\/es\/aviso-legal\/\" \/>\n<meta property=\"og:locale\" content=\"es_ES\" \/>\n<meta property=\"og:type\" content=\"article\" \/>\n<meta property=\"og:title\" content=\"Aviso Legal\" \/>\n<meta property=\"og:url\" content=\"https:\/\/www.altermutua.com\/es\/aviso-legal\/\" \/>\n<meta property=\"og:site_name\" content=\"Alter Mutua\" \/>\n<meta property=\"article:publisher\" content=\"https:\/\/www.facebook.com\/altermutua\/\" \/>\n<meta property=\"article:modified_time\" content=\"2022-04-06T11:26:36+00:00\" \/>\n<meta name=\"twitter:card\" content=\"summary_large_image\" \/>\n<meta name=\"twitter:site\" content=\"@altermutua\" \/>\n<meta name=\"twitter:label1\" content=\"Tiempo de lectura\" \/>\n\t<meta name=\"twitter:data1\" content=\"10 minutos\" \/>\n<script type=\"application\/ld+json\" class=\"yoast-schema-graph\">{\"@context\":\"https:\\\/\\\/schema.org\",\"@graph\":[{\"@type\":\"WebPage\",\"@id\":\"https:\\\/\\\/www.altermutua.com\\\/es\\\/aviso-legal\\\/\",\"url\":\"https:\\\/\\\/www.altermutua.com\\\/es\\\/aviso-legal\\\/\",\"name\":\"Aviso Legal - Alter Mutua\",\"isPartOf\":{\"@id\":\"https:\\\/\\\/www.altermutua.com\\\/es\\\/#website\"},\"datePublished\":\"2021-07-15T11:30:30+00:00\",\"dateModified\":\"2022-04-06T11:26:36+00:00\",\"breadcrumb\":{\"@id\":\"https:\\\/\\\/www.altermutua.com\\\/es\\\/aviso-legal\\\/#breadcrumb\"},\"inLanguage\":\"es\",\"potentialAction\":[{\"@type\":\"ReadAction\",\"target\":[\"https:\\\/\\\/www.altermutua.com\\\/es\\\/aviso-legal\\\/\"]}]},{\"@type\":\"BreadcrumbList\",\"@id\":\"https:\\\/\\\/www.altermutua.com\\\/es\\\/aviso-legal\\\/#breadcrumb\",\"itemListElement\":[{\"@type\":\"ListItem\",\"position\":1,\"name\":\"Inici\",\"item\":\"https:\\\/\\\/www.altermutua.com\\\/es\\\/\"},{\"@type\":\"ListItem\",\"position\":2,\"name\":\"Aviso Legal\"}]},{\"@type\":\"WebSite\",\"@id\":\"https:\\\/\\\/www.altermutua.com\\\/es\\\/#website\",\"url\":\"https:\\\/\\\/www.altermutua.com\\\/es\\\/\",\"name\":\"Alter Mutua\",\"description\":\"La Mutua de los Abogados y Abogadas\",\"publisher\":{\"@id\":\"https:\\\/\\\/www.altermutua.com\\\/es\\\/#organization\"},\"potentialAction\":[{\"@type\":\"SearchAction\",\"target\":{\"@type\":\"EntryPoint\",\"urlTemplate\":\"https:\\\/\\\/www.altermutua.com\\\/es\\\/?s={search_term_string}\"},\"query-input\":{\"@type\":\"PropertyValueSpecification\",\"valueRequired\":true,\"valueName\":\"search_term_string\"}}],\"inLanguage\":\"es\"},{\"@type\":\"Organization\",\"@id\":\"https:\\\/\\\/www.altermutua.com\\\/es\\\/#organization\",\"name\":\"Alter Mutua de los Abogados y Abogadas\",\"url\":\"https:\\\/\\\/www.altermutua.com\\\/es\\\/\",\"logo\":{\"@type\":\"ImageObject\",\"inLanguage\":\"es\",\"@id\":\"https:\\\/\\\/www.altermutua.com\\\/es\\\/#\\\/schema\\\/logo\\\/image\\\/\",\"url\":\"https:\\\/\\\/www.altermutua.com\\\/wp-content\\\/uploads\\\/2021\\\/04\\\/logo_altermutua_CA-1.svg\",\"contentUrl\":\"https:\\\/\\\/www.altermutua.com\\\/wp-content\\\/uploads\\\/2021\\\/04\\\/logo_altermutua_CA-1.svg\",\"width\":358,\"height\":133,\"caption\":\"Alter Mutua de los Abogados y Abogadas\"},\"image\":{\"@id\":\"https:\\\/\\\/www.altermutua.com\\\/es\\\/#\\\/schema\\\/logo\\\/image\\\/\"},\"sameAs\":[\"https:\\\/\\\/www.facebook.com\\\/altermutua\\\/\",\"https:\\\/\\\/x.com\\\/altermutua\",\"https:\\\/\\\/www.linkedin.com\\\/company\\\/alter-mutua-de-los-abogados\\\/mycompany\\\/\",\"https:\\\/\\\/www.youtube.com\\\/channel\\\/UC1KJifmWZw8mUVxcfjQrHog\"]}]}<\/script>\n<!-- \/ Yoast SEO Premium plugin. -->","yoast_head_json":{"title":"Aviso Legal - Alter Mutua","robots":{"index":"index","follow":"follow","max-snippet":"max-snippet:-1","max-image-preview":"max-image-preview:large","max-video-preview":"max-video-preview:-1"},"canonical":"https:\/\/www.altermutua.com\/es\/aviso-legal\/","og_locale":"es_ES","og_type":"article","og_title":"Aviso Legal","og_url":"https:\/\/www.altermutua.com\/es\/aviso-legal\/","og_site_name":"Alter Mutua","article_publisher":"https:\/\/www.facebook.com\/altermutua\/","article_modified_time":"2022-04-06T11:26:36+00:00","twitter_card":"summary_large_image","twitter_site":"@altermutua","twitter_misc":{"Tiempo de lectura":"10 minutos"},"schema":{"@context":"https:\/\/schema.org","@graph":[{"@type":"WebPage","@id":"https:\/\/www.altermutua.com\/es\/aviso-legal\/","url":"https:\/\/www.altermutua.com\/es\/aviso-legal\/","name":"Aviso Legal - Alter Mutua","isPartOf":{"@id":"https:\/\/www.altermutua.com\/es\/#website"},"datePublished":"2021-07-15T11:30:30+00:00","dateModified":"2022-04-06T11:26:36+00:00","breadcrumb":{"@id":"https:\/\/www.altermutua.com\/es\/aviso-legal\/#breadcrumb"},"inLanguage":"es","potentialAction":[{"@type":"ReadAction","target":["https:\/\/www.altermutua.com\/es\/aviso-legal\/"]}]},{"@type":"BreadcrumbList","@id":"https:\/\/www.altermutua.com\/es\/aviso-legal\/#breadcrumb","itemListElement":[{"@type":"ListItem","position":1,"name":"Inici","item":"https:\/\/www.altermutua.com\/es\/"},{"@type":"ListItem","position":2,"name":"Aviso Legal"}]},{"@type":"WebSite","@id":"https:\/\/www.altermutua.com\/es\/#website","url":"https:\/\/www.altermutua.com\/es\/","name":"Alter Mutua","description":"La Mutua de los Abogados y Abogadas","publisher":{"@id":"https:\/\/www.altermutua.com\/es\/#organization"},"potentialAction":[{"@type":"SearchAction","target":{"@type":"EntryPoint","urlTemplate":"https:\/\/www.altermutua.com\/es\/?s={search_term_string}"},"query-input":{"@type":"PropertyValueSpecification","valueRequired":true,"valueName":"search_term_string"}}],"inLanguage":"es"},{"@type":"Organization","@id":"https:\/\/www.altermutua.com\/es\/#organization","name":"Alter Mutua de los Abogados y Abogadas","url":"https:\/\/www.altermutua.com\/es\/","logo":{"@type":"ImageObject","inLanguage":"es","@id":"https:\/\/www.altermutua.com\/es\/#\/schema\/logo\/image\/","url":"https:\/\/www.altermutua.com\/wp-content\/uploads\/2021\/04\/logo_altermutua_CA-1.svg","contentUrl":"https:\/\/www.altermutua.com\/wp-content\/uploads\/2021\/04\/logo_altermutua_CA-1.svg","width":358,"height":133,"caption":"Alter Mutua de los Abogados y Abogadas"},"image":{"@id":"https:\/\/www.altermutua.com\/es\/#\/schema\/logo\/image\/"},"sameAs":["https:\/\/www.facebook.com\/altermutua\/","https:\/\/x.com\/altermutua","https:\/\/www.linkedin.com\/company\/alter-mutua-de-los-abogados\/mycompany\/","https:\/\/www.youtube.com\/channel\/UC1KJifmWZw8mUVxcfjQrHog"]}]}},"_links":{"self":[{"href":"https:\/\/www.altermutua.com\/es\/wp-json\/wp\/v2\/pages\/8164","targetHints":{"allow":["GET"]}}],"collection":[{"href":"https:\/\/www.altermutua.com\/es\/wp-json\/wp\/v2\/pages"}],"about":[{"href":"https:\/\/www.altermutua.com\/es\/wp-json\/wp\/v2\/types\/page"}],"author":[{"embeddable":true,"href":"https:\/\/www.altermutua.com\/es\/wp-json\/wp\/v2\/users\/1"}],"replies":[{"embeddable":true,"href":"https:\/\/www.altermutua.com\/es\/wp-json\/wp\/v2\/comments?post=8164"}],"version-history":[{"count":0,"href":"https:\/\/www.altermutua.com\/es\/wp-json\/wp\/v2\/pages\/8164\/revisions"}],"wp:attachment":[{"href":"https:\/\/www.altermutua.com\/es\/wp-json\/wp\/v2\/media?parent=8164"}],"curies":[{"name":"wp","href":"https:\/\/api.w.org\/{rel}","templated":true}]}}