{"id":6553,"date":"2022-02-24T15:17:02","date_gmt":"2022-02-24T13:17:02","guid":{"rendered":"https:\/\/www.altermutua.com\/?page_id=6553"},"modified":"2025-07-28T14:39:55","modified_gmt":"2025-07-28T12:39:55","slug":"quadre-medic","status":"publish","type":"page","link":"https:\/\/www.altermutua.com\/ca\/salut\/asseguranca-de-salut\/quadre-medic\/","title":{"rendered":"Quadre m\u00e8dic"},"content":{"rendered":"<p><section class=\"fusion-fullwidth fullwidth-box fusion-builder-row-1 fusion-flex-container fusion-parallax-none nonhundred-percent-fullwidth non-hundred-percent-height-scrolling lazyload\" style=\"--awb-background-blend-mode:multiply;--awb-border-radius-top-left:0px;--awb-border-radius-top-right:0px;--awb-border-radius-bottom-right:0px;--awb-border-radius-bottom-left:0px;--awb-padding-top:60px;--awb-padding-bottom:120px;--awb-background-color:var(--awb-color7);--awb-background-size:cover;--awb-flex-wrap:wrap;\" data-bg=\"https:\/\/www.altermutua.com\/wp-content\/uploads\/2021\/11\/bg_city-1.png\" ><div class=\"fusion-builder-row fusion-row fusion-flex-align-items-center fusion-flex-align-content-center fusion-flex-justify-content-center fusion-flex-content-wrap\" style=\"max-width:1331.2px;margin-left: calc(-4% \/ 2 );margin-right: calc(-4% \/ 2 );\"><\/div><\/section><div class=\"fusion-fullwidth fullwidth-box fusion-builder-row-2 fusion-flex-container nonhundred-percent-fullwidth non-hundred-percent-height-scrolling\" style=\"--awb-border-radius-top-left:0px;--awb-border-radius-top-right:0px;--awb-border-radius-bottom-right:0px;--awb-border-radius-bottom-left:0px;--awb-overflow:visible;--awb-padding-bottom:0px;--awb-margin-top:-40px;--awb-flex-wrap:wrap;\" ><div class=\"fusion-builder-row fusion-row fusion-flex-align-items-flex-start fusion-flex-justify-content-center fusion-flex-content-wrap\" style=\"max-width:1331.2px;margin-left: calc(-4% \/ 2 );margin-right: calc(-4% \/ 2 );\"><div class=\"fusion-layout-column fusion_builder_column fusion-builder-column-0 fusion_builder_column_1_1 1_1 fusion-flex-column\" style=\"--awb-padding-top:48px;--awb-padding-right:48px;--awb-padding-left:48px;--awb-overflow:visible;--awb-bg-size:cover;--awb-width-large:100%;--awb-margin-top-large:0px;--awb-spacing-right-large:1.92%;--awb-margin-bottom-large:20px;--awb-spacing-left-large:1.92%;--awb-width-medium:100%;--awb-order-medium:0;--awb-spacing-right-medium:1.92%;--awb-spacing-left-medium:1.92%;--awb-width-small:100%;--awb-order-small:0;--awb-spacing-right-small:1.92%;--awb-spacing-left-small:1.92%;\"><div class=\"fusion-column-wrapper fusion-column-has-shadow fusion-flex-justify-content-flex-start fusion-content-layout-column\"><div class=\"fusion-image-element \" style=\"text-align:center;--awb-margin-top:-80px;--awb-margin-bottom:8px;--awb-max-width:80px;--awb-caption-title-font-family:var(--h2_typography-font-family);--awb-caption-title-font-weight:var(--h2_typography-font-weight);--awb-caption-title-font-style:var(--h2_typography-font-style);--awb-caption-title-size:var(--h2_typography-font-size);--awb-caption-title-transform:var(--h2_typography-text-transform);--awb-caption-title-line-height:var(--h2_typography-line-height);--awb-caption-title-letter-spacing:var(--h2_typography-letter-spacing);\"><span class=\" fusion-imageframe imageframe-none imageframe-1 hover-type-none\"><img decoding=\"async\" width=\"412\" height=\"617\" title=\"location\" src=\"https:\/\/www.altermutua.com\/wp-content\/uploads\/2021\/11\/location.png\" data-orig-src=\"https:\/\/www.altermutua.com\/wp-content\/uploads\/2021\/11\/location.png\" alt class=\"lazyload img-responsive wp-image-2540\" srcset=\"data:image\/svg+xml,%3Csvg%20xmlns%3D%27http%3A%2F%2Fwww.w3.org%2F2000%2Fsvg%27%20width%3D%27412%27%20height%3D%27617%27%20viewBox%3D%270%200%20412%20617%27%3E%3Crect%20width%3D%27412%27%20height%3D%27617%27%20fill-opacity%3D%220%22%2F%3E%3C%2Fsvg%3E\" data-srcset=\"https:\/\/www.altermutua.com\/wp-content\/uploads\/2021\/11\/location-200x300.png 200w, https:\/\/www.altermutua.com\/wp-content\/uploads\/2021\/11\/location-400x599.png 400w, https:\/\/www.altermutua.com\/wp-content\/uploads\/2021\/11\/location.png 412w\" data-sizes=\"auto\" data-orig-sizes=\"(max-width: 960px) 100vw, 412px\" \/><\/span><\/div><div class=\"fusion-title title fusion-title-1 fusion-sep-none fusion-title-center fusion-title-text fusion-title-size-two\" style=\"--awb-margin-top-small:10px;--awb-margin-right-small:0px;--awb-margin-bottom-small:10px;--awb-margin-left-small:0px;\"><h2 class=\"fusion-title-heading title-heading-center fusion-responsive-typography-calculated\" style=\"margin:0;--fontSize:38;line-height:1.2;\">Els millors especialistes a prop teu<\/h2><\/div><div class=\"fusion-text fusion-text-1\" style=\"--awb-content-alignment:center;--awb-text-transform:none;\"><p>Cerca els teus especialistes i gaudeix dels millors serveis<\/p>\n<\/div><div class=\"fusion-modal modal fade modal-1 modalitat\" tabindex=\"-1\" role=\"dialog\" aria-labelledby=\"modal-heading-1\" aria-hidden=\"true\" style=\"--awb-border-color:#f2f3f5;--awb-background:#ffffff;\"><div class=\"modal-dialog modal-lg\" role=\"document\"><div class=\"modal-content fusion-modal-content\"><div class=\"modal-header\"><button class=\"close\" type=\"button\" data-dismiss=\"modal\" aria-hidden=\"true\" aria-label=\"Close\">&times;<\/button><h3 class=\"modal-title\" id=\"modal-heading-1\" data-dismiss=\"modal\" aria-hidden=\"true\">Quina modalitat tinc contractada?<\/h3><\/div><div class=\"modal-body fusion-clearfix\">\n<p style=\"font-weight: 400;\">Pots consultar-ho a la teva targeta de salut, sota el teu nom. Per a una visi\u00f3 personalitzada dels teus serveis, consulta la teva <a href=\"https:\/\/web.altermutua.com\/login\" target=\"_blank\" rel=\"noopener\"><u>\u00c0rea privada<\/u><\/a><\/p>\n<table class=\"modalitat\">\n<tbody>\n<tr>\n<td><img decoding=\"async\" class=\"lazyload alignnone wp-image-13873\" src=\"https:\/\/www.altermutua.com\/wp-content\/uploads\/2022\/11\/card-altermredic-plus@2x-300x193.png\" data-orig-src=\"https:\/\/www.altermutua.com\/wp-content\/uploads\/2022\/11\/card-altermredic-plus@2x-300x193.png\" alt=\"\" width=\"110\" height=\"71\" srcset=\"data:image\/svg+xml,%3Csvg%20xmlns%3D%27http%3A%2F%2Fwww.w3.org%2F2000%2Fsvg%27%20width%3D%27110%27%20height%3D%2771%27%20viewBox%3D%270%200%20110%2071%27%3E%3Crect%20width%3D%27110%27%20height%3D%2771%27%20fill-opacity%3D%220%22%2F%3E%3C%2Fsvg%3E\" data-srcset=\"https:\/\/www.altermutua.com\/wp-content\/uploads\/2022\/11\/card-altermredic-plus@2x-200x129.png 200w, https:\/\/www.altermutua.com\/wp-content\/uploads\/2022\/11\/card-altermredic-plus@2x-300x193.png 300w, https:\/\/www.altermutua.com\/wp-content\/uploads\/2022\/11\/card-altermredic-plus@2x-400x258.png 400w, https:\/\/www.altermutua.com\/wp-content\/uploads\/2022\/11\/card-altermredic-plus@2x.png 546w\" data-sizes=\"auto\" data-orig-sizes=\"(max-width: 110px) 100vw, 110px\" \/><\/td>\n<td><strong>Alter M\u00e8dic Plus<\/strong><br \/>\nAssist\u00e8ncia m\u00e8dica completa, amb quadre m\u00e8dic ampliat i lliure elecci\u00f3 en ginecologia i pediatria<\/td>\n<\/tr>\n<tr>\n<td><img decoding=\"async\" class=\"lazyload alignnone wp-image-13878 size-medium\" src=\"https:\/\/www.altermutua.com\/wp-content\/uploads\/2022\/11\/card-hna@2x-1-300x193.png\" data-orig-src=\"https:\/\/www.altermutua.com\/wp-content\/uploads\/2022\/11\/card-hna@2x-1-300x193.png\" alt=\"\" width=\"110\" height=\"71\" srcset=\"data:image\/svg+xml,%3Csvg%20xmlns%3D%27http%3A%2F%2Fwww.w3.org%2F2000%2Fsvg%27%20width%3D%27110%27%20height%3D%2771%27%20viewBox%3D%270%200%20110%2071%27%3E%3Crect%20width%3D%27110%27%20height%3D%2771%27%20fill-opacity%3D%220%22%2F%3E%3C%2Fsvg%3E\" data-srcset=\"https:\/\/www.altermutua.com\/wp-content\/uploads\/2022\/11\/card-hna@2x-1-200x129.png 200w, https:\/\/www.altermutua.com\/wp-content\/uploads\/2022\/11\/card-hna@2x-1-300x193.png 300w, https:\/\/www.altermutua.com\/wp-content\/uploads\/2022\/11\/card-hna@2x-1-400x258.png 400w, https:\/\/www.altermutua.com\/wp-content\/uploads\/2022\/11\/card-hna@2x-1.png 546w\" data-sizes=\"auto\" data-orig-sizes=\"(max-width: 110px) 100vw, 110px\" \/><\/td>\n<td><strong>Alter M\u00e8dic HNA<\/strong><br \/>\nAssist\u00e8ncia m\u00e8dica completa, amb quadre m\u00e8dic est\u00e0ndard. Nom\u00e9s per a residents de fora de Catalunya<\/td>\n<\/tr>\n<tr>\n<td><img decoding=\"async\" class=\"lazyload alignnone size-medium wp-image-13871\" src=\"https:\/\/www.altermutua.com\/wp-content\/uploads\/2022\/11\/card-altermedic@2x-300x193.png\" data-orig-src=\"https:\/\/www.altermutua.com\/wp-content\/uploads\/2022\/11\/card-altermedic@2x-300x193.png\" alt=\"\" width=\"110\" height=\"71\" srcset=\"data:image\/svg+xml,%3Csvg%20xmlns%3D%27http%3A%2F%2Fwww.w3.org%2F2000%2Fsvg%27%20width%3D%27110%27%20height%3D%2771%27%20viewBox%3D%270%200%20110%2071%27%3E%3Crect%20width%3D%27110%27%20height%3D%2771%27%20fill-opacity%3D%220%22%2F%3E%3C%2Fsvg%3E\" data-srcset=\"https:\/\/www.altermutua.com\/wp-content\/uploads\/2022\/11\/card-altermedic@2x-200x129.png 200w, https:\/\/www.altermutua.com\/wp-content\/uploads\/2022\/11\/card-altermedic@2x-300x193.png 300w, https:\/\/www.altermutua.com\/wp-content\/uploads\/2022\/11\/card-altermedic@2x-400x258.png 400w, https:\/\/www.altermutua.com\/wp-content\/uploads\/2022\/11\/card-altermedic@2x.png 546w\" data-sizes=\"auto\" data-orig-sizes=\"(max-width: 110px) 100vw, 110px\" \/><\/td>\n<td><strong>Alter M\u00e8dic<\/strong><br \/>\nAssist\u00e8ncia m\u00e8dica completa, amb quadre m\u00e8dic est\u00e0ndard a Catalunya<\/td>\n<\/tr>\n<\/tbody>\n<\/table>\n<\/div><\/div><\/div><\/div><\/div><\/div><\/div><\/div><div class=\"fusion-fullwidth fullwidth-box fusion-builder-row-3 fusion-flex-container nonhundred-percent-fullwidth non-hundred-percent-height-scrolling\" style=\"--awb-border-radius-top-left:0px;--awb-border-radius-top-right:0px;--awb-border-radius-bottom-right:0px;--awb-border-radius-bottom-left:0px;--awb-overflow:visible;--awb-padding-bottom:60px;--awb-margin-bottom:0px;--awb-flex-wrap:wrap;\" ><div class=\"fusion-builder-row fusion-row fusion-flex-align-items-flex-start fusion-flex-justify-content-center fusion-flex-content-wrap\" style=\"max-width:1331.2px;margin-left: calc(-4% \/ 2 );margin-right: calc(-4% \/ 2 );\"><div class=\"fusion-layout-column fusion_builder_column fusion-builder-column-1 fusion_builder_column_1_1 1_1 fusion-flex-column\" style=\"--awb-overflow:visible;--awb-bg-color:#ffffff;--awb-bg-color-hover:#ffffff;--awb-bg-size:cover;--awb-width-large:100%;--awb-margin-top-large:0px;--awb-spacing-right-large:1.92%;--awb-margin-bottom-large:0px;--awb-spacing-left-large:1.92%;--awb-width-medium:100%;--awb-order-medium:0;--awb-spacing-right-medium:1.92%;--awb-spacing-left-medium:1.92%;--awb-width-small:100%;--awb-order-small:0;--awb-spacing-right-small:1.92%;--awb-spacing-left-small:1.92%;\"><div class=\"fusion-column-wrapper fusion-column-has-shadow fusion-flex-justify-content-flex-start fusion-content-layout-column\"><div class=\"containerForm\">\n\t\t   \t<div class=\"containerFormulari\">\n\t\t\t\t<div data-role=\"fieldcontain\" style=\"margin-bottom:20px;display: none;\n\t\t\t\tmargin: 0 auto 24px;\n\t\t\t\tborder: 1px solid #d6d9de;\n\t\t\t\tpadding: 8px 16px;\n\t\t\t\tbackground:white;\n\t\t\t\tborder-radius: 4px;\n\t\t\t\toverflow: hidden;\"\n\t\t\t\tbackground: #f7f7f7;\n\t\t\t\tcolor:#31435a!important;>\t\t\t\n\t\t\t\t\t<label for=\"usarmiposicion\" style=\"font-size:14px !important; padding-bottom:0 !important;\"><i class=\"fa fa-map-marker\" aria-hidden=\"true\"><\/i> Usar la meva posici\u00f3&nbsp;&nbsp;<\/label>\n\t\t\t\t\t<label class=\"switch\">\n\t\t\t\t\t<input type=\"checkbox\" name=\"posicio\" id=\"posicio\" checked>\n\t\t\t\t\t<span class=\"slider round\"><\/span>\n\t\t\t\t\t<\/label>\n\t\t\t\t<\/div>\n\t\t\t\t<div id=\"grupolocalidad\" class=\"\" style=\"display:none;\">\n\t\t\t\t\t<div class=\"rwd-example\" >  \n\t\t\t\t\t\t<div class=\"element-inline\" id=\"contentprovincias\">\n\t\t\t\t\t\t\t<label>Prov\u00edncia<\/label>     \n\t\t\t\t\t\t\t<select  id=\"provincias\" name=\"provincias\" class=\"fusion-form-input\" onchange=\"cambioProvincia();\"><\/select>  \n\t\t\t\t\t\t<\/div>\n\t\t\t\t\t\t<div class=\"element-inline\" id=\"contentpoblacion\">\n\t\t\t\t\t\t\t<label>Poblaci\u00f3<\/label>    \n\t\t\t\t\t\t\t<select id=\"poblaciones\" name=\"poblaciones\" onchange=\"cambioPoblacion();\" style=\"display:none!important;\">                                    \n\t\t\t\t\t\t\t<\/select>\n\t\t\t\t\t\t\t<div class=\"select6\"><div class=\"select-styled2\" id=\"selectpoblaciones\" rel=\"\">Seleccionar<\/div><\/div>\n\t\t\t\t\t\t<\/div>\n\t\t\t\t\t\t<div class=\"element-inline last\" id=\"contentcodigo\">\n\t\t\t\t\t\t\t<label>C. postal<\/label>    \n\t\t\t\t\t\t\t<select id=\"codigospostales\" name=\"codigospostales\" onchange=\"cambioCodigoPostal();\">                                   \n\t\t\t\t\t\t\t<\/select>\n\t\t\t\t\t\t\t<div class=\"select7\"><div class=\"select-styled3\" id=\"selectcodigos\" rel=\"\">Seleccionar<\/div><\/div>\n\t\t\t\t\t\t<\/div>\n\t\t\t\t\t<\/div> \n\t\t\t\t<\/div>\n\t\t\t\t<div stlye=\"width:100%\">\n\t\t\t\t\t<div class=\"element-inline\" style=\"width: 11%;\">\n\t\t\t\t\t\t<label>Modalitat <a href=\"#\" data-toggle=\"modal\" data-target=\".fusion-modal.modalitat\"><i class=\"fa fa-info-circle\"><\/i><\/a><\/label> \n\t\t\t\t\t\t<select id=\"tipus\" name=\"tipus\" onchange=\"\" class=\"\">\n\t\t\t\t\t\t\t<option value=\"0\">Todos<\/option> \n\t\t\t\t\t\t\t<option value=\"2\">Alter Medic<\/option> \n\t\t\t\t\t\t\t<option value=\"1\">Alter Medic HNA<\/option> \n\t\t\t\t\t\t\t<option value=\"3\">Alter Medic Plus<\/option> \n\t\t\t\t\t\t<\/select> \t\t\n\t\t\t\t\t<\/div>\n\t\t\t\t\t<div class=\"element-inline\" style=\"width: 17%;\">\n\t\t\t\t\t\t<label>Poblaci\u00f3<\/label> \n\t\t\t\t\t\t<input type=\"text\" class=\"wpcf7-text\"  maxlength=\"200\" style=\"width:100% !important;\" id=\"poblaciones2\"  placeholder=\"\" autocapitalize=\"off\" onfocusout=\"buscar_especialidades()\"\/>\n\t\t\t\t\t<\/div>\n\t\t\t\t\t<div class=\"element-inline\" style=\"width: 11%;\">\n\t\t\t\t\t\t<label>C. Postal<\/label> \n\t\t\t\t\t\t<input type=\"text\" class=\"wpcf7-text\"  maxlength=\"200\" style=\"width:100% !important;\" id=\"codigospostales2\"  placeholder=\"\" autocapitalize=\"off\"\/>\n\t\t\t\t\t<\/div>\n\t\t\t\t\t<div class=\"element-inline\" id=\"contentespecialidades\" style=\"width: 25%;\">\n\t\t\t\t\t\t<label>Especialitat<\/label>  \n\t\t\t\t\t\t<input list=\"especialidades\" name=\"especialidades\" type=\"text\" placeholder=\"Seleccionar\">\n\t\t\t\t\t\t<datalist id=\"especialidades\" class=\"\">\n\t\t\t\t\t\t<\/datalist>\t\t\t\t\n\t\t\t\t\t<\/div>\n\t\t\t\t\t<div class=\"element-inline\" style=\"width: 20%;\">\n\t\t\t\t\t\t<label>Metge, hospital o cl\u00ednica<\/label> \n\t\t\t\t\t\t<input type=\"text\" class=\"wpcf7-text\"  maxlength=\"200\" style=\"width:100% !important;\" id=\"especialista\"  placeholder=\"\" autocapitalize=\"off\"\/>\n\t\t\t\t\t<\/div>\n\n\t\t\t\t\t<div class=\"element-inline last\">\n\t\t\t\t\t\t<label id=\"labeldireccion\" style=\"display:none\">Nom del carrer, avinguda,...<\/label> \n\t\t\t\t\t\t<input type=\"text\" class=\"wpcf7-text\"  maxlength=\"200\" style=\"width:100%; display: none;\" id=\"direccion\"  autocapitalize=\"off\">\n\t\t\t\t\t\t<div class=\"ui-block-f\" id=\"errorcuadro\" style=\"margin-bottom:10px;\"><\/div> \n\t\t\t\t\t<\/div>\n\t\t\t\t\t<div class=\"ui-block-f\" style=\"margin:25px auto 0px;\">\n\t\t\t\t\t\t<button style=\"padding:13px 22px;\" class=\"wpcf7-form-control wpcf7-submit fusion-button button-flat button-large button-custom button-1 fusion-button-default-span btn-mutualista\" onclick='cargadatos(jQuery(\"#poblaciones2\").val(), jQuery(\"input[name=especialidades]\").val(), jQuery(\"input[name=especialidades]\").val(), jQuery(\"#especialista\").val(), jQuery(\"#direccion\").val(),jQuery(\"#codigospostales2\").val(),localStorage.getItem(\"poblacion\"),jQuery(\"#tipus\").val());' ><i style=\"margin-right:4px;\" class=\"fa-search fas\" aria-hidden=\"true\"><\/i> Cercar<\/button>\n\t\t\t\t\t<\/div> \n\t\t\t\t<\/div>\n\n\t\t\t\t\n\t\t\t\t\n\t\t\t<\/div>\n\n\t\t\t<span style=\"display:none\" id=\"resbus\"><h3 style=\"margin-bottom:24px;\">Resultat de la cerca:<\/h3><span id=\"totalbusqueda2\" style=\"text-decoration: none !important;\"><\/span><\/span>\n\t\t\t<div class=\"containerResposta\">\n\t\t\t\t<div id=\"outputDiv\"><\/div>\n\t\t\t\t<div id=\"map\"><\/div>\n\t\t\t<\/div>\n\t\t<\/div><div id=\"loader\">ss<\/div><\/div><\/div><\/div><\/div><\/p>\n","protected":false},"excerpt":{"rendered":"","protected":false},"author":2,"featured_media":0,"parent":1010,"menu_order":0,"comment_status":"closed","ping_status":"closed","template":"100-width.php","meta":{"_acf_changed":false,"footnotes":""},"class_list":["post-6553","page","type-page","status-publish","hentry"],"acf":[],"yoast_head":"<!-- This site is optimized with the Yoast SEO Premium plugin v26.3 (Yoast SEO v27.3) - https:\/\/yoast.com\/product\/yoast-seo-premium-wordpress\/ -->\n<title>Quadre m\u00e8dic - Alter M\u00fatua<\/title>\n<meta name=\"robots\" content=\"index, follow, max-snippet:-1, max-image-preview:large, max-video-preview:-1\" \/>\n<link rel=\"canonical\" href=\"https:\/\/www.altermutua.com\/ca\/salut\/asseguranca-de-salut\/quadre-medic\/\" \/>\n<meta property=\"og:locale\" content=\"ca_ES\" \/>\n<meta property=\"og:type\" content=\"article\" \/>\n<meta property=\"og:title\" content=\"Quadre m\u00e8dic\" \/>\n<meta property=\"og:url\" content=\"https:\/\/www.altermutua.com\/ca\/salut\/asseguranca-de-salut\/quadre-medic\/\" \/>\n<meta property=\"og:site_name\" content=\"Alter M\u00fatua\" \/>\n<meta property=\"article:publisher\" content=\"https:\/\/www.facebook.com\/altermutua\/\" \/>\n<meta property=\"article:modified_time\" content=\"2025-07-28T12:39:55+00:00\" \/>\n<meta property=\"og:image\" content=\"https:\/\/www.altermutua.com\/wp-content\/uploads\/2022\/11\/card-altermredic-plus@2x-300x193.png\" \/>\n<meta name=\"twitter:card\" content=\"summary_large_image\" \/>\n<meta name=\"twitter:site\" content=\"@altermutua\" \/>\n<meta name=\"twitter:label1\" content=\"Temps estimat de lectura\" \/>\n\t<meta name=\"twitter:data1\" content=\"2 minuts\" \/>\n<script type=\"application\/ld+json\" class=\"yoast-schema-graph\">{\"@context\":\"https:\\\/\\\/schema.org\",\"@graph\":[{\"@type\":\"WebPage\",\"@id\":\"https:\\\/\\\/www.altermutua.com\\\/ca\\\/salut\\\/asseguranca-de-salut\\\/quadre-medic\\\/\",\"url\":\"https:\\\/\\\/www.altermutua.com\\\/ca\\\/salut\\\/asseguranca-de-salut\\\/quadre-medic\\\/\",\"name\":\"Quadre m\u00e8dic - Alter M\u00fatua\",\"isPartOf\":{\"@id\":\"https:\\\/\\\/www.altermutua.com\\\/ca\\\/#website\"},\"primaryImageOfPage\":{\"@id\":\"https:\\\/\\\/www.altermutua.com\\\/ca\\\/salut\\\/asseguranca-de-salut\\\/quadre-medic\\\/#primaryimage\"},\"image\":{\"@id\":\"https:\\\/\\\/www.altermutua.com\\\/ca\\\/salut\\\/asseguranca-de-salut\\\/quadre-medic\\\/#primaryimage\"},\"thumbnailUrl\":\"https:\\\/\\\/www.altermutua.com\\\/wp-content\\\/uploads\\\/2022\\\/11\\\/card-altermredic-plus@2x-300x193.png\",\"datePublished\":\"2022-02-24T13:17:02+00:00\",\"dateModified\":\"2025-07-28T12:39:55+00:00\",\"breadcrumb\":{\"@id\":\"https:\\\/\\\/www.altermutua.com\\\/ca\\\/salut\\\/asseguranca-de-salut\\\/quadre-medic\\\/#breadcrumb\"},\"inLanguage\":\"ca\",\"potentialAction\":[{\"@type\":\"ReadAction\",\"target\":[\"https:\\\/\\\/www.altermutua.com\\\/ca\\\/salut\\\/asseguranca-de-salut\\\/quadre-medic\\\/\"]}]},{\"@type\":\"ImageObject\",\"inLanguage\":\"ca\",\"@id\":\"https:\\\/\\\/www.altermutua.com\\\/ca\\\/salut\\\/asseguranca-de-salut\\\/quadre-medic\\\/#primaryimage\",\"url\":\"https:\\\/\\\/www.altermutua.com\\\/wp-content\\\/uploads\\\/2022\\\/11\\\/card-altermredic-plus@2x-300x193.png\",\"contentUrl\":\"https:\\\/\\\/www.altermutua.com\\\/wp-content\\\/uploads\\\/2022\\\/11\\\/card-altermredic-plus@2x-300x193.png\"},{\"@type\":\"BreadcrumbList\",\"@id\":\"https:\\\/\\\/www.altermutua.com\\\/ca\\\/salut\\\/asseguranca-de-salut\\\/quadre-medic\\\/#breadcrumb\",\"itemListElement\":[{\"@type\":\"ListItem\",\"position\":1,\"name\":\"Inici\",\"item\":\"https:\\\/\\\/www.altermutua.com\\\/ca\\\/\"},{\"@type\":\"ListItem\",\"position\":2,\"name\":\"Salut\",\"item\":\"https:\\\/\\\/www.altermutua.com\\\/ca\\\/salut\\\/\"},{\"@type\":\"ListItem\",\"position\":3,\"name\":\"Asseguran\u00e7a de Salut\",\"item\":\"https:\\\/\\\/www.altermutua.com\\\/ca\\\/salut\\\/asseguranca-de-salut\\\/\"},{\"@type\":\"ListItem\",\"position\":4,\"name\":\"Quadre m\u00e8dic\"}]},{\"@type\":\"WebSite\",\"@id\":\"https:\\\/\\\/www.altermutua.com\\\/ca\\\/#website\",\"url\":\"https:\\\/\\\/www.altermutua.com\\\/ca\\\/\",\"name\":\"Alter M\u00fatua\",\"description\":\"La M\u00fatua dels Advocats i Advocades\",\"publisher\":{\"@id\":\"https:\\\/\\\/www.altermutua.com\\\/ca\\\/#organization\"},\"potentialAction\":[{\"@type\":\"SearchAction\",\"target\":{\"@type\":\"EntryPoint\",\"urlTemplate\":\"https:\\\/\\\/www.altermutua.com\\\/ca\\\/?s={search_term_string}\"},\"query-input\":{\"@type\":\"PropertyValueSpecification\",\"valueRequired\":true,\"valueName\":\"search_term_string\"}}],\"inLanguage\":\"ca\"},{\"@type\":\"Organization\",\"@id\":\"https:\\\/\\\/www.altermutua.com\\\/ca\\\/#organization\",\"name\":\"Alter Mutua de los Abogados y Abogadas\",\"url\":\"https:\\\/\\\/www.altermutua.com\\\/ca\\\/\",\"logo\":{\"@type\":\"ImageObject\",\"inLanguage\":\"ca\",\"@id\":\"https:\\\/\\\/www.altermutua.com\\\/ca\\\/#\\\/schema\\\/logo\\\/image\\\/\",\"url\":\"https:\\\/\\\/www.altermutua.com\\\/wp-content\\\/uploads\\\/2021\\\/04\\\/logo_altermutua_CA-1.svg\",\"contentUrl\":\"https:\\\/\\\/www.altermutua.com\\\/wp-content\\\/uploads\\\/2021\\\/04\\\/logo_altermutua_CA-1.svg\",\"width\":358,\"height\":133,\"caption\":\"Alter Mutua de los Abogados y Abogadas\"},\"image\":{\"@id\":\"https:\\\/\\\/www.altermutua.com\\\/ca\\\/#\\\/schema\\\/logo\\\/image\\\/\"},\"sameAs\":[\"https:\\\/\\\/www.facebook.com\\\/altermutua\\\/\",\"https:\\\/\\\/x.com\\\/altermutua\",\"https:\\\/\\\/www.linkedin.com\\\/company\\\/alter-mutua-de-los-abogados\\\/mycompany\\\/\",\"https:\\\/\\\/www.youtube.com\\\/channel\\\/UC1KJifmWZw8mUVxcfjQrHog\"]}]}<\/script>\n<!-- \/ Yoast SEO Premium plugin. -->","yoast_head_json":{"title":"Quadre m\u00e8dic - Alter M\u00fatua","robots":{"index":"index","follow":"follow","max-snippet":"max-snippet:-1","max-image-preview":"max-image-preview:large","max-video-preview":"max-video-preview:-1"},"canonical":"https:\/\/www.altermutua.com\/ca\/salut\/asseguranca-de-salut\/quadre-medic\/","og_locale":"ca_ES","og_type":"article","og_title":"Quadre m\u00e8dic","og_url":"https:\/\/www.altermutua.com\/ca\/salut\/asseguranca-de-salut\/quadre-medic\/","og_site_name":"Alter M\u00fatua","article_publisher":"https:\/\/www.facebook.com\/altermutua\/","article_modified_time":"2025-07-28T12:39:55+00:00","og_image":[{"url":"https:\/\/www.altermutua.com\/wp-content\/uploads\/2022\/11\/card-altermredic-plus@2x-300x193.png","type":"","width":"","height":""}],"twitter_card":"summary_large_image","twitter_site":"@altermutua","twitter_misc":{"Temps estimat de lectura":"2 minuts"},"schema":{"@context":"https:\/\/schema.org","@graph":[{"@type":"WebPage","@id":"https:\/\/www.altermutua.com\/ca\/salut\/asseguranca-de-salut\/quadre-medic\/","url":"https:\/\/www.altermutua.com\/ca\/salut\/asseguranca-de-salut\/quadre-medic\/","name":"Quadre m\u00e8dic - Alter M\u00fatua","isPartOf":{"@id":"https:\/\/www.altermutua.com\/ca\/#website"},"primaryImageOfPage":{"@id":"https:\/\/www.altermutua.com\/ca\/salut\/asseguranca-de-salut\/quadre-medic\/#primaryimage"},"image":{"@id":"https:\/\/www.altermutua.com\/ca\/salut\/asseguranca-de-salut\/quadre-medic\/#primaryimage"},"thumbnailUrl":"https:\/\/www.altermutua.com\/wp-content\/uploads\/2022\/11\/card-altermredic-plus@2x-300x193.png","datePublished":"2022-02-24T13:17:02+00:00","dateModified":"2025-07-28T12:39:55+00:00","breadcrumb":{"@id":"https:\/\/www.altermutua.com\/ca\/salut\/asseguranca-de-salut\/quadre-medic\/#breadcrumb"},"inLanguage":"ca","potentialAction":[{"@type":"ReadAction","target":["https:\/\/www.altermutua.com\/ca\/salut\/asseguranca-de-salut\/quadre-medic\/"]}]},{"@type":"ImageObject","inLanguage":"ca","@id":"https:\/\/www.altermutua.com\/ca\/salut\/asseguranca-de-salut\/quadre-medic\/#primaryimage","url":"https:\/\/www.altermutua.com\/wp-content\/uploads\/2022\/11\/card-altermredic-plus@2x-300x193.png","contentUrl":"https:\/\/www.altermutua.com\/wp-content\/uploads\/2022\/11\/card-altermredic-plus@2x-300x193.png"},{"@type":"BreadcrumbList","@id":"https:\/\/www.altermutua.com\/ca\/salut\/asseguranca-de-salut\/quadre-medic\/#breadcrumb","itemListElement":[{"@type":"ListItem","position":1,"name":"Inici","item":"https:\/\/www.altermutua.com\/ca\/"},{"@type":"ListItem","position":2,"name":"Salut","item":"https:\/\/www.altermutua.com\/ca\/salut\/"},{"@type":"ListItem","position":3,"name":"Asseguran\u00e7a de Salut","item":"https:\/\/www.altermutua.com\/ca\/salut\/asseguranca-de-salut\/"},{"@type":"ListItem","position":4,"name":"Quadre m\u00e8dic"}]},{"@type":"WebSite","@id":"https:\/\/www.altermutua.com\/ca\/#website","url":"https:\/\/www.altermutua.com\/ca\/","name":"Alter M\u00fatua","description":"La M\u00fatua dels Advocats i Advocades","publisher":{"@id":"https:\/\/www.altermutua.com\/ca\/#organization"},"potentialAction":[{"@type":"SearchAction","target":{"@type":"EntryPoint","urlTemplate":"https:\/\/www.altermutua.com\/ca\/?s={search_term_string}"},"query-input":{"@type":"PropertyValueSpecification","valueRequired":true,"valueName":"search_term_string"}}],"inLanguage":"ca"},{"@type":"Organization","@id":"https:\/\/www.altermutua.com\/ca\/#organization","name":"Alter Mutua de los Abogados y Abogadas","url":"https:\/\/www.altermutua.com\/ca\/","logo":{"@type":"ImageObject","inLanguage":"ca","@id":"https:\/\/www.altermutua.com\/ca\/#\/schema\/logo\/image\/","url":"https:\/\/www.altermutua.com\/wp-content\/uploads\/2021\/04\/logo_altermutua_CA-1.svg","contentUrl":"https:\/\/www.altermutua.com\/wp-content\/uploads\/2021\/04\/logo_altermutua_CA-1.svg","width":358,"height":133,"caption":"Alter Mutua de los Abogados y Abogadas"},"image":{"@id":"https:\/\/www.altermutua.com\/ca\/#\/schema\/logo\/image\/"},"sameAs":["https:\/\/www.facebook.com\/altermutua\/","https:\/\/x.com\/altermutua","https:\/\/www.linkedin.com\/company\/alter-mutua-de-los-abogados\/mycompany\/","https:\/\/www.youtube.com\/channel\/UC1KJifmWZw8mUVxcfjQrHog"]}]}},"_links":{"self":[{"href":"https:\/\/www.altermutua.com\/ca\/wp-json\/wp\/v2\/pages\/6553","targetHints":{"allow":["GET"]}}],"collection":[{"href":"https:\/\/www.altermutua.com\/ca\/wp-json\/wp\/v2\/pages"}],"about":[{"href":"https:\/\/www.altermutua.com\/ca\/wp-json\/wp\/v2\/types\/page"}],"author":[{"embeddable":true,"href":"https:\/\/www.altermutua.com\/ca\/wp-json\/wp\/v2\/users\/2"}],"replies":[{"embeddable":true,"href":"https:\/\/www.altermutua.com\/ca\/wp-json\/wp\/v2\/comments?post=6553"}],"version-history":[{"count":1,"href":"https:\/\/www.altermutua.com\/ca\/wp-json\/wp\/v2\/pages\/6553\/revisions"}],"predecessor-version":[{"id":19087,"href":"https:\/\/www.altermutua.com\/ca\/wp-json\/wp\/v2\/pages\/6553\/revisions\/19087"}],"up":[{"embeddable":true,"href":"https:\/\/www.altermutua.com\/ca\/wp-json\/wp\/v2\/pages\/1010"}],"wp:attachment":[{"href":"https:\/\/www.altermutua.com\/ca\/wp-json\/wp\/v2\/media?parent=6553"}],"curies":[{"name":"wp","href":"https:\/\/api.w.org\/{rel}","templated":true}]}}