{"id":121,"date":"2021-07-15T13:32:20","date_gmt":"2021-07-15T11:32:20","guid":{"rendered":"https:\/\/www.altermutua.com\/?page_id=121"},"modified":"2023-09-19T14:34:39","modified_gmt":"2023-09-19T12:34:39","slug":"politica-de-cookies","status":"publish","type":"page","link":"https:\/\/www.altermutua.com\/ca\/politica-de-cookies\/","title":{"rendered":"Pol\u00edtica de cookies"},"content":{"rendered":"<p><div class=\"fusion-fullwidth fullwidth-box fusion-builder-row-1 fusion-flex-container nonhundred-percent-fullwidth non-hundred-percent-height-scrolling\" style=\"--awb-border-radius-top-left:0px;--awb-border-radius-top-right:0px;--awb-border-radius-bottom-right:0px;--awb-border-radius-bottom-left:0px;--awb-padding-top:60px;--awb-padding-bottom:60px;--awb-margin-bottom:24px;--awb-background-color:var(--awb-color7);--awb-flex-wrap:wrap;\" ><div class=\"fusion-builder-row fusion-row fusion-flex-align-items-flex-start fusion-flex-content-wrap\" style=\"max-width:1331.2px;margin-left: calc(-4% \/ 2 );margin-right: calc(-4% \/ 2 );\"><div class=\"fusion-layout-column fusion_builder_column fusion-builder-column-0 fusion_builder_column_1_1 1_1 fusion-flex-column\" style=\"--awb-bg-size:cover;--awb-width-large:100%;--awb-margin-top-large:0px;--awb-spacing-right-large:1.92%;--awb-margin-bottom-large:0px;--awb-spacing-left-large:1.92%;--awb-width-medium:100%;--awb-order-medium:0;--awb-spacing-right-medium:1.92%;--awb-spacing-left-medium:1.92%;--awb-width-small:100%;--awb-order-small:0;--awb-spacing-right-small:1.92%;--awb-spacing-left-small:1.92%;\"><div class=\"fusion-column-wrapper fusion-column-has-shadow fusion-flex-justify-content-flex-start fusion-content-layout-column\"><div class=\"fusion-title title fusion-title-1 fusion-sep-none fusion-title-center fusion-title-text fusion-title-size-one\" style=\"--awb-text-color:var(--awb-color1);--awb-margin-top-small:10px;--awb-margin-right-small:0px;--awb-margin-bottom-small:10px;--awb-margin-left-small:0px;\"><h1 class=\"fusion-title-heading title-heading-center fusion-responsive-typography-calculated\" style=\"margin:0;--fontSize:48;line-height:1.16;\">Pol\u00edtica de cookies<\/h1><\/div><\/div><\/div><\/div><\/div><div class=\"fusion-fullwidth fullwidth-box fusion-builder-row-2 fusion-flex-container nonhundred-percent-fullwidth non-hundred-percent-height-scrolling\" style=\"--awb-border-radius-top-left:0px;--awb-border-radius-top-right:0px;--awb-border-radius-bottom-right:0px;--awb-border-radius-bottom-left:0px;--awb-flex-wrap:wrap;\" ><div class=\"fusion-builder-row fusion-row fusion-flex-align-items-flex-start fusion-flex-justify-content-center fusion-flex-content-wrap\" style=\"max-width:1331.2px;margin-left: calc(-4% \/ 2 );margin-right: calc(-4% \/ 2 );\"><div class=\"fusion-layout-column fusion_builder_column fusion-builder-column-1 fusion_builder_column_3_4 3_4 fusion-flex-column\" style=\"--awb-padding-top:24px;--awb-padding-bottom:60px;--awb-bg-size:cover;--awb-width-large:75%;--awb-margin-top-large:0px;--awb-spacing-right-large:2.56%;--awb-margin-bottom-large:0px;--awb-spacing-left-large:2.56%;--awb-width-medium:75%;--awb-order-medium:0;--awb-spacing-right-medium:2.56%;--awb-spacing-left-medium:2.56%;--awb-width-small:100%;--awb-order-small:0;--awb-spacing-right-small:1.92%;--awb-spacing-left-small:1.92%;\"><div class=\"fusion-column-wrapper fusion-column-has-shadow fusion-flex-justify-content-flex-start fusion-content-layout-column\"><div class=\"fusion-text fusion-text-1\" style=\"--awb-text-transform:none;\"><p>\u00bfAccepta l&#8217;\u00fas de cookies en aquest lloc web?\u00a0<a href=\"https:\/\/www.altermutua.com\/\" target=\"_blank\" rel=\"noopener\"><span class=\"naranja negrita subrayado\">Altermutua.com<\/span><\/a>\u00a0sol\u00b7licita el seu perm\u00eds per a demanar dades estad\u00edstiques an\u00f2nimes durant la navegaci\u00f3 en aquest lloc web, conforme al Reial decret llei 13\/2012, de 30 de mar\u00e7, publicat en el \u00abBolet\u00edn Oficial del Estado\u00bb amb data de dissabte 31 de mar\u00e7 de 2012, que transposa la Directiva 2009\/136\/CE, del Parlament Europeu i del Consell, de 25 de novembre de 2009, i que s&#8217;integra en la LSSI (Llei 34\/2002, d&#8217;11 de juliol, de serveis de la societat de la informaci\u00f3 i de comer\u00e7 electr\u00f2nic) modificant el punt segon del seu article 22. Per a m\u00e9s informaci\u00f3 consulti la Pol\u00edtica de privacitat i la pol\u00edtica de cookies. No hi ha res dolent en elles.<\/p>\n<h3><span class=\"naranja\">Qu\u00e8 \u00e9s una cookie?<\/span><\/h3>\n<p>Una cookie \u00e9s un petit fitxer de lletres i xifres que es descarrega al seu ordinador en accedir a determinats llocs web. Les cookies permeten a un lloc web recon\u00e8ixer el navegador d&#8217;un usuari i no contenen ni recopilen informaci\u00f3. Les cookies es fan servir en la publicitat basada en el comportament per identificar usuaris que comparteixen un determinat inter\u00e8s, de manera que els puguin oferir anuncis m\u00e9s rellevants.La LSSI (Llei dels serveis de la societat de la informaci\u00f3 i de comer\u00e7 electr\u00f2nic) \u00e9s aplicable a qualsevol mena d&#8217;arxiu o dispositiu que es descarrega en l&#8217;equip terminal d&#8217;un usuari amb la finalitat d&#8217;emmagatzemar dades que podran ser actualitzats i recuperats per l&#8217;entitat responsable de la seva instal\u00b7laci\u00f3.<\/p>\n<p>Les cookies es poden classificar en diferents categories. Una mateixa cookie pot estar inclosa en m\u00e9s d&#8217;una categoria.<\/p>\n<p><span class=\"naranja\">Tipus de cookies segons l&#8217;entitat que les gestioni<\/span><br \/>\nSegons qui sigui l&#8217;entitat que gestioni l&#8217;equip o domini des d&#8217;on s&#8217;envien les cookies i tracti les dades que s&#8217;obtinguin, podem distingir:<\/p>\n<p><strong><span class=\"naranja subrayado\">Cookies pr\u00f2pies:<\/span><\/strong>\u00a0s\u00f3n aquelles que s&#8217;envien a l&#8217;equip terminal de l&#8217;usuari des d&#8217;un equip o domini gestionat pel propi editor i des del qual es presta el servei sol\u00b7licitat per l&#8217;usuari.<\/p>\n<p><strong><span class=\"naranja subrayado\">Cookies de tercer:<\/span>\u00a0<\/strong>s\u00f3n aquelles que s&#8217;envien a l&#8217;equip terminal de l&#8217;usuari des d&#8217;un equip o domini que no \u00e9s gestionat per l&#8217;editor, sin\u00f3 per una altra entitat que tracta les dades obtingudes trav\u00e9s de les cookies.<\/p>\n<h3><span class=\"naranja\">Tipus de cookies segons la seva finalitat<\/span><\/h3>\n<p>Segons la finalitat per a la qual es tractin les dades obtingudes a trav\u00e9s de les cookies, algunes de les finalitats poden ser:<\/p>\n<p><strong><span class=\"naranja subrayado\">Cookies t\u00e8cniques (necess\u00e0ries):<\/span>\u00a0<\/strong>s\u00f3n aquelles que permeten a l&#8217;usuari la navegaci\u00f3 a trav\u00e9s d&#8217;una p\u00e0gina web, plataforma o aplicaci\u00f3 i la utilitzaci\u00f3 de les diferents opcions o serveis que en ella existeixin com, per exemple, controlar el tr\u00e0nsit i la comunicaci\u00f3 de dades, identificar la sessi\u00f3, accedir a parts d&#8217;acc\u00e9s restringit, recordar els elements que integren una comanda, realitzar el proc\u00e9s de compra d&#8217;una comanda, gestionar el pagament, controlar el frau vinculat a la seguretat del servei, realitzar la sol\u00b7licitud d&#8217;inscripci\u00f3 o participaci\u00f3 en un esdeveniment, utilitzar elements de seguretat durant la navegaci\u00f3 o compartir continguts a trav\u00e9s de xarxes socials.<\/p>\n<p><strong><span class=\"naranja subrayado\">Cookies de prefer\u00e8ncies:<\/span><\/strong>\u00a0s\u00f3n aquelles que permeten recordar informaci\u00f3 perqu\u00e8 l&#8217;usuari accedeixi al servei amb determinades caracter\u00edstiques que poden diferenciar la seva experi\u00e8ncia de la d&#8217;altres usuaris, com, per exemple, l&#8217;idioma, el nombre de resultats a mostrar quan l&#8217;usuari realitza una cerca, l&#8217;aspecte o contingut del servei en funci\u00f3 de la mena de navegador a trav\u00e9s del qual l&#8217;usuari accedeix al servei o de la regi\u00f3 des de la qual accedeix al servei, etc.<\/p>\n<p><strong><span class=\"naranja subrayado\">Cookies de estad\u00edstiques:<\/span><\/strong>\u00a0s\u00f3n aquelles que permeten al responsable de les mateixes el seguiment i an\u00e0lisi del comportament dels usuaris dels llocs web. La informaci\u00f3 recollida mitjan\u00e7ant aquesta mena de cookies s&#8217;utilitza en el mesurament de l&#8217;activitat dels llocs web, aplicaci\u00f3 o plataforma, amb la finalitat d&#8217;introduir millores en funci\u00f3 de l&#8217;an\u00e0lisi de les dades d&#8217;\u00fas que fan els usuaris del servei.<\/p>\n<p><span class=\"naranja subrayado\">Cookies de m\u00e0rketing:<\/span>\u00a0s\u00f3n aquelles que emmagatzemen informaci\u00f3 del comportament dels usuaris obtinguda a trav\u00e9s de l&#8217;observaci\u00f3 continuada dels seus h\u00e0bits de navegaci\u00f3, la qual cosa permet desenvolupar un perfil espec\u00edfic per a mostrar publicitat en funci\u00f3 d&#8217;aquest.<\/p>\n<h3><span class=\"naranja\">Tipus de cookies segons el termini de temps que romanen activades<\/span><\/h3>\n<p>Segons el termini de temps que romanen activades en l&#8217;equip terminal podem distingir:<\/p>\n<p><strong><span class=\"naranja subrayado\">Cookies de sessi\u00f3:<\/span>\u00a0<\/strong>s\u00f3n aquelles dissenyades per a recaptar i emmagatzemar dades mentre l&#8217;usuari accedeix a una p\u00e0gina web. Se solen emprar per a emmagatzemar informaci\u00f3 que nom\u00e9s interessa conservar per a la prestaci\u00f3 del servei sol\u00b7licitat per l&#8217;usuari en una sola ocasi\u00f3 (per exemple, una llista de productes adquirits) i desapareixen en acabar la sessi\u00f3.<\/p>\n<p><strong><span class=\"naranja subrayado\">Cookies persistents:<\/span><\/strong>\u00a0s\u00f3n aquelles en les quals les dades segueixen emmagatzemats en el terminal i poden ser accedits i tractats durant un per\u00edode definit pel responsable de la cookie, i que pot anar d&#8217;uns minuts a diversos anys.<\/p>\n<h3>Com configurar les cookies?<\/h3>\n<p>Com a usuari, la Llei li assisteix perqu\u00e8 tri\u00ef si accepta o rebutja l&#8217;\u00fas de les cookies en la seva navegaci\u00f3, si vol modificar les prefer\u00e8ncies de les cookies faci clic\u00a0aqu\u00ed. <a role='button' tabindex='0' class=\"medium cli-plugin-button cli-plugin-main-button cli_settings_button\">Configuraci\u00f3<\/a><\/p>\n<p>Tots els navegadors permeten fer canvis que permeten desactivar la configuraci\u00f3 de les cookies. Aquests ajustos es troben situats en les &#8220;opcions&#8221; o &#8220;prefer\u00e8ncies&#8221; del men\u00fa del seu navegador.<\/p>\n<p>Si es desactiven les cookies t\u00e8cniques, es podran experimentar problemes de navegaci\u00f3 i\/o que deix\u00e9s de funcionar alguns dels serveis oferts des de la web.<\/p>\n<p>A continuaci\u00f3 podr\u00e0 trobar els links de cada navegador per a deshabilitar les cookies seguint les instruccions:<\/p>\n<ul>\n<li><a href=\"https:\/\/support.microsoft.com\/es-es\/topic\/eliminar-y-administrar-cookies-168dab11-0753-043d-7c16-ede5947fc64d\" target=\"_blank\" rel=\"noopener\"><span class=\"naranja subrayado\">Internet Explorer<\/span><\/a><\/li>\n<li><a href=\"https:\/\/support.microsoft.com\/es-es\/microsoft-edge\/eliminar-las-cookies-en-microsoft-edge-63947406-40ac-c3b8-57b9-2a946a29ae09#:~:text=Abre%20Microsoft%20Edge%20y%20selecciona,sitio%20y%20luego%20Borrar%20ahora\" target=\"_blank\" rel=\"noopener\"><span class=\"naranja subrayado\">Microsoft Edge<\/span><\/a><\/li>\n<li><a href=\"http:\/\/goo.gl\/F5pHX\" target=\"_blank\" rel=\"noopener\"><span class=\"naranja subrayado\">Mozilla Firefox<\/span><\/a><\/li>\n<li><a href=\"http:\/\/goo.gl\/8cAo\" target=\"_blank\" rel=\"noopener\"><span class=\"naranja subrayado\">Google Chrome<\/span><\/a><\/li>\n<\/ul>\n<p>Quines cookies s&#8217;utilitzen en el portal web de\u00a0<a href=\"https:\/\/www.altermutua.com\/\" target=\"_blank\" rel=\"noopener\"><span class=\"naranja negrita subrayado\">www.altermutua.com<\/span><\/a>? En l&#8217;apartat seg\u00fcent, s&#8217;informa de totes les cookies utilitzades en\u00a0<a href=\"https:\/\/www.altermutua.com\/\" target=\"_blank\" rel=\"noopener\"><span class=\"naranja negrita subrayado\">Altermutua.com<\/span><\/a>, agrupades segons la seva finalitat.<\/p>\n<\/div><div class=\"fusion-title title fusion-title-2 fusion-sep-none fusion-title-text fusion-title-size-three\" style=\"--awb-margin-top-small:10px;--awb-margin-right-small:0px;--awb-margin-bottom-small:10px;--awb-margin-left-small:0px;\"><h3 class=\"fusion-title-heading title-heading-left fusion-responsive-typography-calculated\" style=\"margin:0;--fontSize:28;line-height:1.3;\">Cookies Necess\u00e0ries<\/h3><\/div>\n<div class=\"table-1\">\n<table width=\"100%\">\n<thead>\n<tr>\n<th align=\"left\">Nom<\/th>\n<th align=\"left\">Tipus<\/th>\n<th align=\"left\">Persist\u00e8ncia<\/th>\n<th align=\"left\">Proposit<\/th>\n<\/tr>\n<\/thead>\n<tbody>\n<tr>\n<td align=\"left\">CookieLawInfoConsent<\/td>\n<td align=\"left\">Necessari<\/td>\n<td align=\"left\">1 any<\/td>\n<td align=\"left\">Enregistra l&#8217;estat del bot\u00f3 predeterminat de la categoria corresponent i l&#8217;estat de CCPA. Funciona nom\u00e9s en coordinaci\u00f3 amb la galeta principal.<\/td>\n<\/tr>\n<tr>\n<td align=\"left\">Cookielawinfo-checkbox-necessari<\/td>\n<td align=\"left\">Necessari<\/td>\n<td align=\"left\">1 any<\/td>\n<td align=\"left\">La galeta la configura el connector de consentiment de cookies del GDPR per registrar el consentiment de l&#8217;usuari per a les cookies a la categoria &#8220;Necess\u00e0ries&#8221;.<\/td>\n<\/tr>\n<tr>\n<td align=\"left\">JSESSIONID<\/td>\n<td align=\"left\">Necessari<\/td>\n<td align=\"left\">Session<\/td>\n<td align=\"left\">New Relic utilitza la galeta JSESSIONID per emmagatzemar un identificador de sessi\u00f3 de manera que New Relic pugui controlar el recompte de sessions d&#8217;una aplicaci\u00f3.<\/td>\n<\/tr>\n<\/tbody>\n<\/table>\n<\/div>\n<div class=\"fusion-title title fusion-title-3 fusion-sep-none fusion-title-text fusion-title-size-three\" style=\"--awb-margin-top-small:10px;--awb-margin-right-small:0px;--awb-margin-bottom-small:10px;--awb-margin-left-small:0px;\"><h3 class=\"fusion-title-heading title-heading-left fusion-responsive-typography-calculated\" style=\"margin:0;--fontSize:28;line-height:1.3;\">Cookies d&#8217;anal\u00edtica<\/h3><\/div>\n<div class=\"table-1\">\n<table width=\"100%\">\n<thead>\n<tr>\n<th align=\"left\">Nom<\/th>\n<th align=\"left\">Tipus<\/th>\n<th align=\"left\">Persist\u00e8ncia<\/th>\n<th align=\"left\">Proposit<\/th>\n<\/tr>\n<\/thead>\n<tbody>\n<tr>\n<td align=\"left\">_ga_BZBFCLHPY1<\/td>\n<td align=\"left\">Analytics<\/td>\n<td align=\"left\">2 any<\/td>\n<td align=\"left\">Aquesta cookie \u00e9s instal\u00b7lada per Google Analytics.<\/td>\n<\/tr>\n<tr>\n<td align=\"left\">_ga<\/td>\n<td align=\"left\">Analytics<\/td>\n<td align=\"left\">2 any<\/td>\n<td align=\"left\">La galeta _ga, instal\u00b7lada per Google Analytics, calcula les dades de visitants, sessions i campanyes i tamb\u00e9 fa un seguiment de l&#8217;\u00fas del lloc per a l&#8217;informe d&#8217;an\u00e0lisi del lloc. La galeta emmagatzema informaci\u00f3 de forma an\u00f2nima i assigna un n\u00famero generat aleat\u00f2riament per recon\u00e8ixer els visitants \u00fanics.<\/td>\n<\/tr>\n<tr>\n<td align=\"left\">CONSENT<\/td>\n<td align=\"left\">Analytics<\/td>\n<td align=\"left\">2 any<\/td>\n<td align=\"left\">YouTube sets this cookie via embedded youtube-videos and registers anonymous statistical data<\/td>\n<\/tr>\n<\/tbody>\n<\/table>\n<\/div>\n<\/div><\/div><\/div><\/div><\/p>\n","protected":false},"excerpt":{"rendered":"","protected":false},"author":1,"featured_media":0,"parent":0,"menu_order":0,"comment_status":"closed","ping_status":"closed","template":"100-width.php","meta":{"_acf_changed":false,"footnotes":""},"class_list":["post-121","page","type-page","status-publish","hentry"],"acf":[],"yoast_head":"<!-- This site is optimized with the Yoast SEO Premium plugin v26.3 (Yoast SEO v27.3) - https:\/\/yoast.com\/product\/yoast-seo-premium-wordpress\/ -->\n<title>Pol\u00edtica de cookies - Alter M\u00fatua<\/title>\n<meta name=\"robots\" content=\"index, follow, max-snippet:-1, max-image-preview:large, max-video-preview:-1\" \/>\n<link rel=\"canonical\" href=\"https:\/\/www.altermutua.com\/ca\/politica-de-cookies\/\" \/>\n<meta property=\"og:locale\" content=\"ca_ES\" \/>\n<meta property=\"og:type\" content=\"article\" \/>\n<meta property=\"og:title\" content=\"Pol\u00edtica de cookies\" \/>\n<meta property=\"og:url\" content=\"https:\/\/www.altermutua.com\/ca\/politica-de-cookies\/\" \/>\n<meta property=\"og:site_name\" content=\"Alter M\u00fatua\" \/>\n<meta property=\"article:publisher\" content=\"https:\/\/www.facebook.com\/altermutua\/\" \/>\n<meta property=\"article:modified_time\" content=\"2023-09-19T12:34:39+00:00\" \/>\n<meta name=\"twitter:card\" content=\"summary_large_image\" \/>\n<meta name=\"twitter:site\" content=\"@altermutua\" \/>\n<meta name=\"twitter:label1\" content=\"Temps estimat de lectura\" \/>\n\t<meta name=\"twitter:data1\" content=\"10 minuts\" \/>\n<script type=\"application\/ld+json\" class=\"yoast-schema-graph\">{\"@context\":\"https:\\\/\\\/schema.org\",\"@graph\":[{\"@type\":\"WebPage\",\"@id\":\"https:\\\/\\\/www.altermutua.com\\\/ca\\\/politica-de-cookies\\\/\",\"url\":\"https:\\\/\\\/www.altermutua.com\\\/ca\\\/politica-de-cookies\\\/\",\"name\":\"Pol\u00edtica de cookies - Alter M\u00fatua\",\"isPartOf\":{\"@id\":\"https:\\\/\\\/www.altermutua.com\\\/ca\\\/#website\"},\"datePublished\":\"2021-07-15T11:32:20+00:00\",\"dateModified\":\"2023-09-19T12:34:39+00:00\",\"breadcrumb\":{\"@id\":\"https:\\\/\\\/www.altermutua.com\\\/ca\\\/politica-de-cookies\\\/#breadcrumb\"},\"inLanguage\":\"ca\",\"potentialAction\":[{\"@type\":\"ReadAction\",\"target\":[\"https:\\\/\\\/www.altermutua.com\\\/ca\\\/politica-de-cookies\\\/\"]}]},{\"@type\":\"BreadcrumbList\",\"@id\":\"https:\\\/\\\/www.altermutua.com\\\/ca\\\/politica-de-cookies\\\/#breadcrumb\",\"itemListElement\":[{\"@type\":\"ListItem\",\"position\":1,\"name\":\"Inici\",\"item\":\"https:\\\/\\\/www.altermutua.com\\\/ca\\\/\"},{\"@type\":\"ListItem\",\"position\":2,\"name\":\"Pol\u00edtica de cookies\"}]},{\"@type\":\"WebSite\",\"@id\":\"https:\\\/\\\/www.altermutua.com\\\/ca\\\/#website\",\"url\":\"https:\\\/\\\/www.altermutua.com\\\/ca\\\/\",\"name\":\"Alter M\u00fatua\",\"description\":\"La M\u00fatua dels Advocats i Advocades\",\"publisher\":{\"@id\":\"https:\\\/\\\/www.altermutua.com\\\/ca\\\/#organization\"},\"potentialAction\":[{\"@type\":\"SearchAction\",\"target\":{\"@type\":\"EntryPoint\",\"urlTemplate\":\"https:\\\/\\\/www.altermutua.com\\\/ca\\\/?s={search_term_string}\"},\"query-input\":{\"@type\":\"PropertyValueSpecification\",\"valueRequired\":true,\"valueName\":\"search_term_string\"}}],\"inLanguage\":\"ca\"},{\"@type\":\"Organization\",\"@id\":\"https:\\\/\\\/www.altermutua.com\\\/ca\\\/#organization\",\"name\":\"Alter Mutua de los Abogados y Abogadas\",\"url\":\"https:\\\/\\\/www.altermutua.com\\\/ca\\\/\",\"logo\":{\"@type\":\"ImageObject\",\"inLanguage\":\"ca\",\"@id\":\"https:\\\/\\\/www.altermutua.com\\\/ca\\\/#\\\/schema\\\/logo\\\/image\\\/\",\"url\":\"https:\\\/\\\/www.altermutua.com\\\/wp-content\\\/uploads\\\/2021\\\/04\\\/logo_altermutua_CA-1.svg\",\"contentUrl\":\"https:\\\/\\\/www.altermutua.com\\\/wp-content\\\/uploads\\\/2021\\\/04\\\/logo_altermutua_CA-1.svg\",\"width\":358,\"height\":133,\"caption\":\"Alter Mutua de los Abogados y Abogadas\"},\"image\":{\"@id\":\"https:\\\/\\\/www.altermutua.com\\\/ca\\\/#\\\/schema\\\/logo\\\/image\\\/\"},\"sameAs\":[\"https:\\\/\\\/www.facebook.com\\\/altermutua\\\/\",\"https:\\\/\\\/x.com\\\/altermutua\",\"https:\\\/\\\/www.linkedin.com\\\/company\\\/alter-mutua-de-los-abogados\\\/mycompany\\\/\",\"https:\\\/\\\/www.youtube.com\\\/channel\\\/UC1KJifmWZw8mUVxcfjQrHog\"]}]}<\/script>\n<!-- \/ Yoast SEO Premium plugin. -->","yoast_head_json":{"title":"Pol\u00edtica de cookies - Alter M\u00fatua","robots":{"index":"index","follow":"follow","max-snippet":"max-snippet:-1","max-image-preview":"max-image-preview:large","max-video-preview":"max-video-preview:-1"},"canonical":"https:\/\/www.altermutua.com\/ca\/politica-de-cookies\/","og_locale":"ca_ES","og_type":"article","og_title":"Pol\u00edtica de cookies","og_url":"https:\/\/www.altermutua.com\/ca\/politica-de-cookies\/","og_site_name":"Alter M\u00fatua","article_publisher":"https:\/\/www.facebook.com\/altermutua\/","article_modified_time":"2023-09-19T12:34:39+00:00","twitter_card":"summary_large_image","twitter_site":"@altermutua","twitter_misc":{"Temps estimat de lectura":"10 minuts"},"schema":{"@context":"https:\/\/schema.org","@graph":[{"@type":"WebPage","@id":"https:\/\/www.altermutua.com\/ca\/politica-de-cookies\/","url":"https:\/\/www.altermutua.com\/ca\/politica-de-cookies\/","name":"Pol\u00edtica de cookies - Alter M\u00fatua","isPartOf":{"@id":"https:\/\/www.altermutua.com\/ca\/#website"},"datePublished":"2021-07-15T11:32:20+00:00","dateModified":"2023-09-19T12:34:39+00:00","breadcrumb":{"@id":"https:\/\/www.altermutua.com\/ca\/politica-de-cookies\/#breadcrumb"},"inLanguage":"ca","potentialAction":[{"@type":"ReadAction","target":["https:\/\/www.altermutua.com\/ca\/politica-de-cookies\/"]}]},{"@type":"BreadcrumbList","@id":"https:\/\/www.altermutua.com\/ca\/politica-de-cookies\/#breadcrumb","itemListElement":[{"@type":"ListItem","position":1,"name":"Inici","item":"https:\/\/www.altermutua.com\/ca\/"},{"@type":"ListItem","position":2,"name":"Pol\u00edtica de cookies"}]},{"@type":"WebSite","@id":"https:\/\/www.altermutua.com\/ca\/#website","url":"https:\/\/www.altermutua.com\/ca\/","name":"Alter M\u00fatua","description":"La M\u00fatua dels Advocats i Advocades","publisher":{"@id":"https:\/\/www.altermutua.com\/ca\/#organization"},"potentialAction":[{"@type":"SearchAction","target":{"@type":"EntryPoint","urlTemplate":"https:\/\/www.altermutua.com\/ca\/?s={search_term_string}"},"query-input":{"@type":"PropertyValueSpecification","valueRequired":true,"valueName":"search_term_string"}}],"inLanguage":"ca"},{"@type":"Organization","@id":"https:\/\/www.altermutua.com\/ca\/#organization","name":"Alter Mutua de los Abogados y Abogadas","url":"https:\/\/www.altermutua.com\/ca\/","logo":{"@type":"ImageObject","inLanguage":"ca","@id":"https:\/\/www.altermutua.com\/ca\/#\/schema\/logo\/image\/","url":"https:\/\/www.altermutua.com\/wp-content\/uploads\/2021\/04\/logo_altermutua_CA-1.svg","contentUrl":"https:\/\/www.altermutua.com\/wp-content\/uploads\/2021\/04\/logo_altermutua_CA-1.svg","width":358,"height":133,"caption":"Alter Mutua de los Abogados y Abogadas"},"image":{"@id":"https:\/\/www.altermutua.com\/ca\/#\/schema\/logo\/image\/"},"sameAs":["https:\/\/www.facebook.com\/altermutua\/","https:\/\/x.com\/altermutua","https:\/\/www.linkedin.com\/company\/alter-mutua-de-los-abogados\/mycompany\/","https:\/\/www.youtube.com\/channel\/UC1KJifmWZw8mUVxcfjQrHog"]}]}},"_links":{"self":[{"href":"https:\/\/www.altermutua.com\/ca\/wp-json\/wp\/v2\/pages\/121","targetHints":{"allow":["GET"]}}],"collection":[{"href":"https:\/\/www.altermutua.com\/ca\/wp-json\/wp\/v2\/pages"}],"about":[{"href":"https:\/\/www.altermutua.com\/ca\/wp-json\/wp\/v2\/types\/page"}],"author":[{"embeddable":true,"href":"https:\/\/www.altermutua.com\/ca\/wp-json\/wp\/v2\/users\/1"}],"replies":[{"embeddable":true,"href":"https:\/\/www.altermutua.com\/ca\/wp-json\/wp\/v2\/comments?post=121"}],"version-history":[{"count":0,"href":"https:\/\/www.altermutua.com\/ca\/wp-json\/wp\/v2\/pages\/121\/revisions"}],"wp:attachment":[{"href":"https:\/\/www.altermutua.com\/ca\/wp-json\/wp\/v2\/media?parent=121"}],"curies":[{"name":"wp","href":"https:\/\/api.w.org\/{rel}","templated":true}]}}